{"id":639,"date":"2025-05-16T18:01:58","date_gmt":"2025-05-16T16:01:58","guid":{"rendered":"https:\/\/malotaakademia.com\/?page_id=639"},"modified":"2025-09-11T11:44:15","modified_gmt":"2025-09-11T09:44:15","slug":"vallalati-treningek","status":"publish","type":"page","link":"https:\/\/malotaakademia.com\/en\/vallalati-treningek\/","title":{"rendered":"Trainings and team building for organizations"},"content":{"rendered":"<h3 class=\"wp-block-heading\">All trainings and team buildings are personalized after needs assessment<\/h3>\n\n\n\n<div class=\"wp-block-media-text is-stacked-on-mobile\" style=\"grid-template-columns:41% auto\"><figure class=\"wp-block-media-text__media\"><img loading=\"lazy\" decoding=\"async\" width=\"1024\" height=\"576\" src=\"https:\/\/malotaakademia.com\/wp-content\/uploads\/2025\/05\/iStock-1205125193-scaled-1-1024x576.jpg\" alt=\"\" class=\"wp-image-680 size-full\" srcset=\"https:\/\/malotaakademia.com\/wp-content\/uploads\/2025\/05\/iStock-1205125193-scaled-1-1024x576.jpg 1024w, https:\/\/malotaakademia.com\/wp-content\/uploads\/2025\/05\/iStock-1205125193-scaled-1-600x338.jpg 600w, https:\/\/malotaakademia.com\/wp-content\/uploads\/2025\/05\/iStock-1205125193-scaled-1-300x169.jpg 300w, https:\/\/malotaakademia.com\/wp-content\/uploads\/2025\/05\/iStock-1205125193-scaled-1-768x432.jpg 768w, https:\/\/malotaakademia.com\/wp-content\/uploads\/2025\/05\/iStock-1205125193-scaled-1-1536x864.jpg 1536w, https:\/\/malotaakademia.com\/wp-content\/uploads\/2025\/05\/iStock-1205125193-scaled-1-18x10.jpg 18w, https:\/\/malotaakademia.com\/wp-content\/uploads\/2025\/05\/iStock-1205125193-scaled-1.jpg 2048w\" sizes=\"auto, (max-width: 1024px) 100vw, 1024px\" \/><\/figure><div class=\"wp-block-media-text__content\">\n<p><\/p>\n\n\n\n<p><\/p>\n\n\n\n<h2 class=\"wp-block-heading\"><strong>Communication. Culture. Competence. <\/strong><\/h2>\n<\/div><\/div>\n\n\n\n<div style=\"height:48px\" aria-hidden=\"true\" class=\"wp-block-spacer\"><\/div>\n\n\n\n<div class=\"wp-block-columns is-layout-flex wp-container-core-columns-is-layout-9d6595d7 wp-block-columns-is-layout-flex\">\n<div class=\"wp-block-column is-layout-flow wp-block-column-is-layout-flow\" style=\"flex-basis:100%\">\n<div class=\"wp-block-group\"><div class=\"wp-block-group__inner-container is-layout-constrained wp-block-group-is-layout-constrained\">\n<div class=\"wp-block-group alignfull has-base-2-background-color has-background\" style=\"margin-top:0;margin-bottom:0;padding-top:var(--wp--preset--spacing--50);padding-right:var(--wp--preset--spacing--50);padding-bottom:var(--wp--preset--spacing--50);padding-left:var(--wp--preset--spacing--50)\"><div class=\"wp-block-group__inner-container is-layout-constrained wp-container-core-group-is-layout-2bafd31c wp-block-group-is-layout-constrained\">\n<div class=\"wp-block-columns alignwide is-layout-flex wp-container-core-columns-is-layout-2aabe216 wp-block-columns-is-layout-flex\">\n<div class=\"wp-block-column is-layout-flow wp-block-column-is-layout-flow\">\n<p><\/p>\n\n\n\n<h2 class=\"wp-block-heading has-text-align-left is-style-asterisk has-body-font-family\" style=\"font-size:17px;font-style:normal;font-weight:600\">conflict management problem solving<\/h2>\n\n\n\n<p><\/p>\n\n\n\n<p class=\"has-text-align-left\">The focus is on everyday workplace conflicts \u2013 how to recognize them in time and how to handle them constructively, calmly, and cooperatively. We work with playful methods, ideal for both leaders and teams.<\/p>\n<\/div>\n\n\n\n<div class=\"wp-block-column is-layout-flow wp-block-column-is-layout-flow\">\n<p><\/p>\n\n\n\n<h3 class=\"wp-block-heading has-text-align-left is-style-asterisk has-body-font-family\" style=\"font-size:17px;font-style:normal;font-weight:600\">intercultural communication<\/h3>\n\n\n\n<p><\/p>\n\n\n\n<p class=\"has-text-align-left\">This training helps you understand the communication characteristics of different cultures and develops cultural sensitivity, which is essential for those working in an international environment. Recommended for multicultural teams, offers the opportunity to learn about intercultural conflicts and their managing in a playful way.<\/p>\n<\/div>\n\n\n\n<div class=\"wp-block-column is-layout-flow wp-block-column-is-layout-flow\">\n<p><\/p>\n\n\n\n<h3 class=\"wp-block-heading has-text-align-left is-style-asterisk has-body-font-family\" style=\"font-size:17px;font-style:normal;font-weight:600\">assertive communication<\/h3>\n\n\n\n<p><\/p>\n\n\n\n<p class=\"has-text-align-left\">Participants learn how to express themselves honestly and assertively without hurting others \u2013 thereby improving self-assertion and the quality of relationships. The training develops the ability to assert oneself while maintaining respectful and cooperative communication. It is an effective tool for dealing with misunderstandings, over-commitment and internal tensions.<\/p>\n<\/div>\n<\/div>\n\n\n\n<div style=\"height:var(--wp--preset--spacing--20)\" aria-hidden=\"true\" class=\"wp-block-spacer\"><\/div>\n\n\n\n<div class=\"wp-block-columns alignwide is-layout-flex wp-container-core-columns-is-layout-2aabe216 wp-block-columns-is-layout-flex\">\n<div class=\"wp-block-column is-layout-flow wp-block-column-is-layout-flow\">\n<h3 class=\"wp-block-heading has-text-align-left is-style-asterisk has-body-font-family\" style=\"font-size:17px;font-style:normal;font-weight:600\">cooperation, group communication<\/h3>\n\n\n\n<p class=\"has-text-align-left\">Stuck in communication and conflict management? There is an opportunity for development through personalized, solution-focused team building. The goal is to strengthen trust and effective cooperation. Participants will learn communication tools that help create harmonious, effective operations within the team.<\/p>\n<\/div>\n\n\n\n<div class=\"wp-block-column is-layout-flow wp-block-column-is-layout-flow\">\n<h3 class=\"wp-block-heading has-text-align-left is-style-asterisk has-body-font-family\" style=\"font-size:17px;font-style:normal;font-weight:600\">preparation for staying abroad<\/h3>\n\n\n\n<p class=\"has-text-align-left\">Whether we move to a foreign culture for work or personal reasons, it is worth preparing in advance and developing our intercultural competencies to deal with possible culture shock. If we want to employ our employees in a foreign environment, this training will help to prepare. <\/p>\n<\/div>\n\n\n\n<div class=\"wp-block-column is-layout-flow wp-block-column-is-layout-flow\">\n<h3 class=\"wp-block-heading has-text-align-left is-style-asterisk has-body-font-family\" style=\"font-size:17px;font-style:normal;font-weight:600\">effective internal communication<\/h3>\n\n\n\n<p class=\"has-text-align-left\">The smooth flow of information is key to effective collaboration. During the training, participants will learn how to share information clearly, timely and purposefully, and practice effective information transfer through personal experiences.<\/p>\n<\/div>\n<\/div>\n\n\n\n<div style=\"height:20px\" aria-hidden=\"true\" class=\"wp-block-spacer\"><\/div>\n\n\n\n<div class=\"wp-block-columns alignwide is-layout-flex wp-container-core-columns-is-layout-2aabe216 wp-block-columns-is-layout-flex\">\n<div class=\"wp-block-column is-layout-flow wp-block-column-is-layout-flow\">\n<h3 class=\"wp-block-heading has-text-align-left is-style-asterisk has-body-font-family\" style=\"font-size:17px;font-style:normal;font-weight:600\">empathic communication and the attention<\/h3>\n\n\n\n<p class=\"has-text-align-left\">During the training, participants develop active listening, emotion management, and empathetic connection, which are essential for building trust. In crisis situations and tight deadlines, how we communicate is especially important. The training teaches to react calmly, purposefully, and non-conflictively even under pressure.<\/p>\n<\/div>\n\n\n\n<div class=\"wp-block-column is-layout-flow wp-block-column-is-layout-flow\">\n<h3 class=\"wp-block-heading has-text-align-left is-style-asterisk has-body-font-family\" style=\"font-size:17px;font-style:normal;font-weight:600\">business communication <\/h3>\n\n\n\n<p class=\"has-text-align-left\">This training helps to communicate confidently and professionally with customers, partners, and subcontractors, so that in addition to professional knowledge, communication is also competitive.<\/p>\n<\/div>\n\n\n\n<div class=\"wp-block-column is-layout-flow wp-block-column-is-layout-flow\">\n<h3 class=\"wp-block-heading has-text-align-left is-style-asterisk has-body-font-family\" style=\"font-size:17px;font-style:normal;font-weight:600\">soft skill development<\/h3>\n\n\n\n<p class=\"has-text-align-left\">Success depends not only on professional knowledge, but also on how we communicate, collaborate with others, manage stress and make decisions. The goal of soft skills training is to develop self-awareness, emotional intelligence, collaboration and problem solving - in a practical, experiential form.<\/p>\n<\/div>\n<\/div>\n\n\n\n<div style=\"height:7px\" aria-hidden=\"true\" class=\"wp-block-spacer\"><\/div>\n\n\n\n<p class=\"has-text-align-center\">We issue a certificate of completion of all our training courses in accordance with the current Adult Education Act.<\/p>\n\n\n\n<p><\/p>\n\n\n\n<p><\/p>\n\n\n\n<p class=\"has-text-align-center\"><\/p>\n\n\n\n<div class=\"wp-block-columns alignwide is-layout-flex wp-container-core-columns-is-layout-9d6595d7 wp-block-columns-is-layout-flex\">\n<div class=\"wp-block-column is-layout-flow wp-block-column-is-layout-flow\">\n<div class=\"wp-block-group\"><div class=\"wp-block-group__inner-container is-layout-constrained wp-block-group-is-layout-constrained\">\n<div class=\"wp-block-buttons is-horizontal is-content-justification-center is-layout-flex wp-container-core-buttons-is-layout-9393892f wp-block-buttons-is-layout-flex\">\n<div class=\"wp-block-button\"><a class=\"wp-block-button__link has-background wp-element-button\" href=\"https:\/\/malotaakademia.com\/en\/kapcsolat\/\" style=\"background-color:#33a7a4\" target=\"_blank\" rel=\"noreferrer noopener\">I have a question<\/a><\/div>\n\n\n\n<div class=\"wp-block-button\"><a class=\"wp-block-button__link has-background wp-element-button\" href=\"https:\/\/malotaakademia.com\/en\/kapcsolat\/\" style=\"background-color:#33a7a4\" target=\"_blank\" rel=\"noreferrer noopener\">request a quote<\/a><\/div>\n<\/div>\n<\/div><\/div>\n<\/div>\n<\/div>\n\n\n\n<div style=\"height:36px\" aria-hidden=\"true\" class=\"wp-block-spacer\"><\/div>\n\n\n\n<h2 class=\"wp-block-heading\">coming soon....<\/h2>\n\n\n\n<div class=\"wp-block-media-text is-stacked-on-mobile\" style=\"grid-template-columns:18% auto\"><figure class=\"wp-block-media-text__media\"><img loading=\"lazy\" decoding=\"async\" width=\"767\" height=\"1024\" src=\"https:\/\/malotaakademia.com\/wp-content\/uploads\/2025\/04\/kutyasprofilkep-1-767x1024.jpg\" alt=\"\" class=\"wp-image-490 size-full\" srcset=\"https:\/\/malotaakademia.com\/wp-content\/uploads\/2025\/04\/kutyasprofilkep-1-767x1024.jpg 767w, https:\/\/malotaakademia.com\/wp-content\/uploads\/2025\/04\/kutyasprofilkep-1-600x801.jpg 600w, https:\/\/malotaakademia.com\/wp-content\/uploads\/2025\/04\/kutyasprofilkep-1-225x300.jpg 225w, https:\/\/malotaakademia.com\/wp-content\/uploads\/2025\/04\/kutyasprofilkep-1-768x1025.jpg 768w, https:\/\/malotaakademia.com\/wp-content\/uploads\/2025\/04\/kutyasprofilkep-1-9x12.jpg 9w, https:\/\/malotaakademia.com\/wp-content\/uploads\/2025\/04\/kutyasprofilkep-1.jpg 1080w\" sizes=\"auto, (max-width: 767px) 100vw, 767px\" \/><\/figure><div class=\"wp-block-media-text__content\">\n<p><\/p>\n\n\n\n<h4 class=\"wp-block-heading\">Animal \u2013 assisted training with Polli, the golden retriever..<\/h4>\n\n\n\n<p>For now, only applied in individual trainings, we are learning the group training methodology <\/p>\n<\/div><\/div>\n<\/div><\/div>\n<\/div><\/div>\n<\/div>\n<\/div>","protected":false},"excerpt":{"rendered":"<p>Minden tr\u00e9ning\u00fcnk \u00e9s csapat\u00e9p\u00edt\u0151nk ig\u00e9nyfelm\u00e9r\u00e9s ut\u00e1n szem\u00e9lyre szabott Kommunik\u00e1ci\u00f3. Kult\u00fara. Kompetencia. konfliktuskezel\u00e9s probl\u00e9mamegold\u00e1s F\u00f3kuszban a mindennapi munkahelyi konfliktusok \u2013 hogyan ismerj\u00fck fel \u0151ket id\u0151ben, \u00e9s hogyan kezelj\u00fck \u0151ket konstrukt\u00edvan, higgadtan, egy\u00fcttm\u0171k\u00f6d\u0151en. Ide\u00e1lis vezet\u0151knek \u00e9s csapatoknak egyar\u00e1nt, j\u00e1t\u00e9kos m\u00f3dszerekkel dolgozunk. interkultur\u00e1lis kommunik\u00e1ci\u00f3 Ez a tr\u00e9ning seg\u00edt meg\u00e9rteni a k\u00fcl\u00f6nb\u00f6z\u0151 kult\u00far\u00e1k kommunik\u00e1ci\u00f3s saj\u00e1toss\u00e1gait, \u00e9s fejleszti a kultur\u00e1lis <a class=\"read-more\" href=\"https:\/\/malotaakademia.com\/en\/vallalati-treningek\/\">READ MORE<\/a><\/p>","protected":false},"author":1,"featured_media":0,"parent":0,"menu_order":0,"comment_status":"closed","ping_status":"closed","template":"","meta":{"footnotes":""},"class_list":["post-639","page","type-page","status-publish","hentry"],"yoast_head":"<!-- This site is optimized with the Yoast SEO plugin v25.1 - https:\/\/yoast.com\/wordpress\/plugins\/seo\/ -->\n<title>V\u00e1llalati \/ szervezeti tr\u00e9ningek \u00e9s csapat\u00e9p\u00edt\u00e9s - Malota Akad\u00e9mia<\/title>\n<meta name=\"description\" content=\"v\u00e1llalati tr\u00e9ningek\" \/>\n<meta name=\"robots\" content=\"index, follow, max-snippet:-1, max-image-preview:large, max-video-preview:-1\" \/>\n<link rel=\"canonical\" href=\"https:\/\/malotaakademia.com\/en\/vallalati-treningek\/\" \/>\n<meta property=\"og:locale\" content=\"en_US\" \/>\n<meta property=\"og:type\" content=\"article\" \/>\n<meta property=\"og:title\" content=\"V\u00e1llalati \/ szervezeti tr\u00e9ningek \u00e9s csapat\u00e9p\u00edt\u00e9s - Malota Akad\u00e9mia\" \/>\n<meta property=\"og:description\" content=\"v\u00e1llalati tr\u00e9ningek\" \/>\n<meta property=\"og:url\" content=\"https:\/\/malotaakademia.com\/en\/vallalati-treningek\/\" \/>\n<meta property=\"og:site_name\" content=\"Malota Akad\u00e9mia\" \/>\n<meta property=\"article:modified_time\" content=\"2025-09-11T09:44:15+00:00\" \/>\n<meta property=\"og:image\" content=\"https:\/\/malotaakademia.com\/wp-content\/uploads\/2025\/05\/iStock-1205125193-scaled-1.jpg\" \/>\n\t<meta property=\"og:image:width\" content=\"2048\" \/>\n\t<meta property=\"og:image:height\" content=\"1152\" \/>\n\t<meta property=\"og:image:type\" content=\"image\/jpeg\" \/>\n<meta name=\"twitter:card\" content=\"summary_large_image\" \/>\n<meta name=\"twitter:label1\" content=\"Est. reading time\" \/>\n\t<meta name=\"twitter:data1\" content=\"3 minutes\" \/>\n<script type=\"application\/ld+json\" class=\"yoast-schema-graph\">{\"@context\":\"https:\/\/schema.org\",\"@graph\":[{\"@type\":\"WebPage\",\"@id\":\"https:\/\/malotaakademia.com\/vallalati-treningek\/\",\"url\":\"https:\/\/malotaakademia.com\/vallalati-treningek\/\",\"name\":\"V\u00e1llalati \/ szervezeti tr\u00e9ningek \u00e9s csapat\u00e9p\u00edt\u00e9s - Malota Akad\u00e9mia\",\"isPartOf\":{\"@id\":\"https:\/\/malotaakademia.com\/#website\"},\"primaryImageOfPage\":{\"@id\":\"https:\/\/malotaakademia.com\/vallalati-treningek\/#primaryimage\"},\"image\":{\"@id\":\"https:\/\/malotaakademia.com\/vallalati-treningek\/#primaryimage\"},\"thumbnailUrl\":\"https:\/\/malotaakademia.com\/wp-content\/uploads\/2025\/05\/iStock-1205125193-scaled-1-1024x576.jpg\",\"datePublished\":\"2025-05-16T16:01:58+00:00\",\"dateModified\":\"2025-09-11T09:44:15+00:00\",\"description\":\"v\u00e1llalati tr\u00e9ningek\",\"breadcrumb\":{\"@id\":\"https:\/\/malotaakademia.com\/vallalati-treningek\/#breadcrumb\"},\"inLanguage\":\"en-US\",\"potentialAction\":[{\"@type\":\"ReadAction\",\"target\":[\"https:\/\/malotaakademia.com\/vallalati-treningek\/\"]}]},{\"@type\":\"ImageObject\",\"inLanguage\":\"en-US\",\"@id\":\"https:\/\/malotaakademia.com\/vallalati-treningek\/#primaryimage\",\"url\":\"https:\/\/malotaakademia.com\/wp-content\/uploads\/2025\/05\/iStock-1205125193-scaled-1-1024x576.jpg\",\"contentUrl\":\"https:\/\/malotaakademia.com\/wp-content\/uploads\/2025\/05\/iStock-1205125193-scaled-1-1024x576.jpg\"},{\"@type\":\"BreadcrumbList\",\"@id\":\"https:\/\/malotaakademia.com\/vallalati-treningek\/#breadcrumb\",\"itemListElement\":[{\"@type\":\"ListItem\",\"position\":1,\"name\":\"Kezd\u0151lap\",\"item\":\"https:\/\/malotaakademia.com\/\"},{\"@type\":\"ListItem\",\"position\":2,\"name\":\"V\u00e1llalati \/ szervezeti tr\u00e9ningek \u00e9s csapat\u00e9p\u00edt\u00e9s\"}]},{\"@type\":\"WebSite\",\"@id\":\"https:\/\/malotaakademia.com\/#website\",\"url\":\"https:\/\/malotaakademia.com\/\",\"name\":\"Malota Akad\u00e9mia\",\"description\":\"Kommunik\u00e1ci\u00f3s \u00e9s interkultur\u00e1lis kompetencia fejleszt\u0151 tr\u00e9ningek\",\"publisher\":{\"@id\":\"https:\/\/malotaakademia.com\/#organization\"},\"potentialAction\":[{\"@type\":\"SearchAction\",\"target\":{\"@type\":\"EntryPoint\",\"urlTemplate\":\"https:\/\/malotaakademia.com\/?s={search_term_string}\"},\"query-input\":{\"@type\":\"PropertyValueSpecification\",\"valueRequired\":true,\"valueName\":\"search_term_string\"}}],\"inLanguage\":\"en-US\"},{\"@type\":\"Organization\",\"@id\":\"https:\/\/malotaakademia.com\/#organization\",\"name\":\"Malota Akad\u00e9mia\",\"url\":\"https:\/\/malotaakademia.com\/\",\"logo\":{\"@type\":\"ImageObject\",\"inLanguage\":\"en-US\",\"@id\":\"https:\/\/malotaakademia.com\/#\/schema\/logo\/image\/\",\"url\":\"https:\/\/malotaakademia.com\/wp-content\/uploads\/2025\/04\/Kep1final.png\",\"contentUrl\":\"https:\/\/malotaakademia.com\/wp-content\/uploads\/2025\/04\/Kep1final.png\",\"width\":683,\"height\":644,\"caption\":\"Malota Akad\u00e9mia\"},\"image\":{\"@id\":\"https:\/\/malotaakademia.com\/#\/schema\/logo\/image\/\"}}]}<\/script>\n<!-- \/ Yoast SEO plugin. -->","yoast_head_json":{"title":"V\u00e1llalati \/ szervezeti tr\u00e9ningek \u00e9s csapat\u00e9p\u00edt\u00e9s - Malota Akad\u00e9mia","description":"v\u00e1llalati tr\u00e9ningek","robots":{"index":"index","follow":"follow","max-snippet":"max-snippet:-1","max-image-preview":"max-image-preview:large","max-video-preview":"max-video-preview:-1"},"canonical":"https:\/\/malotaakademia.com\/en\/vallalati-treningek\/","og_locale":"en_US","og_type":"article","og_title":"V\u00e1llalati \/ szervezeti tr\u00e9ningek \u00e9s csapat\u00e9p\u00edt\u00e9s - Malota Akad\u00e9mia","og_description":"v\u00e1llalati tr\u00e9ningek","og_url":"https:\/\/malotaakademia.com\/en\/vallalati-treningek\/","og_site_name":"Malota Akad\u00e9mia","article_modified_time":"2025-09-11T09:44:15+00:00","og_image":[{"width":2048,"height":1152,"url":"https:\/\/malotaakademia.com\/wp-content\/uploads\/2025\/05\/iStock-1205125193-scaled-1.jpg","type":"image\/jpeg"}],"twitter_card":"summary_large_image","twitter_misc":{"Est. reading time":"3 minutes"},"schema":{"@context":"https:\/\/schema.org","@graph":[{"@type":"WebPage","@id":"https:\/\/malotaakademia.com\/vallalati-treningek\/","url":"https:\/\/malotaakademia.com\/vallalati-treningek\/","name":"V\u00e1llalati \/ szervezeti tr\u00e9ningek \u00e9s csapat\u00e9p\u00edt\u00e9s - Malota Akad\u00e9mia","isPartOf":{"@id":"https:\/\/malotaakademia.com\/#website"},"primaryImageOfPage":{"@id":"https:\/\/malotaakademia.com\/vallalati-treningek\/#primaryimage"},"image":{"@id":"https:\/\/malotaakademia.com\/vallalati-treningek\/#primaryimage"},"thumbnailUrl":"https:\/\/malotaakademia.com\/wp-content\/uploads\/2025\/05\/iStock-1205125193-scaled-1-1024x576.jpg","datePublished":"2025-05-16T16:01:58+00:00","dateModified":"2025-09-11T09:44:15+00:00","description":"v\u00e1llalati tr\u00e9ningek","breadcrumb":{"@id":"https:\/\/malotaakademia.com\/vallalati-treningek\/#breadcrumb"},"inLanguage":"en-US","potentialAction":[{"@type":"ReadAction","target":["https:\/\/malotaakademia.com\/vallalati-treningek\/"]}]},{"@type":"ImageObject","inLanguage":"en-US","@id":"https:\/\/malotaakademia.com\/vallalati-treningek\/#primaryimage","url":"https:\/\/malotaakademia.com\/wp-content\/uploads\/2025\/05\/iStock-1205125193-scaled-1-1024x576.jpg","contentUrl":"https:\/\/malotaakademia.com\/wp-content\/uploads\/2025\/05\/iStock-1205125193-scaled-1-1024x576.jpg"},{"@type":"BreadcrumbList","@id":"https:\/\/malotaakademia.com\/vallalati-treningek\/#breadcrumb","itemListElement":[{"@type":"ListItem","position":1,"name":"Kezd\u0151lap","item":"https:\/\/malotaakademia.com\/"},{"@type":"ListItem","position":2,"name":"V\u00e1llalati \/ szervezeti tr\u00e9ningek \u00e9s csapat\u00e9p\u00edt\u00e9s"}]},{"@type":"WebSite","@id":"https:\/\/malotaakademia.com\/#website","url":"https:\/\/malotaakademia.com\/","name":"Malota Akad\u00e9mia","description":"Kommunik\u00e1ci\u00f3s \u00e9s interkultur\u00e1lis kompetencia fejleszt\u0151 tr\u00e9ningek","publisher":{"@id":"https:\/\/malotaakademia.com\/#organization"},"potentialAction":[{"@type":"SearchAction","target":{"@type":"EntryPoint","urlTemplate":"https:\/\/malotaakademia.com\/?s={search_term_string}"},"query-input":{"@type":"PropertyValueSpecification","valueRequired":true,"valueName":"search_term_string"}}],"inLanguage":"en-US"},{"@type":"Organization","@id":"https:\/\/malotaakademia.com\/#organization","name":"Malota Akad\u00e9mia","url":"https:\/\/malotaakademia.com\/","logo":{"@type":"ImageObject","inLanguage":"en-US","@id":"https:\/\/malotaakademia.com\/#\/schema\/logo\/image\/","url":"https:\/\/malotaakademia.com\/wp-content\/uploads\/2025\/04\/Kep1final.png","contentUrl":"https:\/\/malotaakademia.com\/wp-content\/uploads\/2025\/04\/Kep1final.png","width":683,"height":644,"caption":"Malota Akad\u00e9mia"},"image":{"@id":"https:\/\/malotaakademia.com\/#\/schema\/logo\/image\/"}}]}},"jetpack_sharing_enabled":true,"_links":{"self":[{"href":"https:\/\/malotaakademia.com\/en\/wp-json\/wp\/v2\/pages\/639","targetHints":{"allow":["GET"]}}],"collection":[{"href":"https:\/\/malotaakademia.com\/en\/wp-json\/wp\/v2\/pages"}],"about":[{"href":"https:\/\/malotaakademia.com\/en\/wp-json\/wp\/v2\/types\/page"}],"author":[{"embeddable":true,"href":"https:\/\/malotaakademia.com\/en\/wp-json\/wp\/v2\/users\/1"}],"replies":[{"embeddable":true,"href":"https:\/\/malotaakademia.com\/en\/wp-json\/wp\/v2\/comments?post=639"}],"version-history":[{"count":38,"href":"https:\/\/malotaakademia.com\/en\/wp-json\/wp\/v2\/pages\/639\/revisions"}],"predecessor-version":[{"id":1070,"href":"https:\/\/malotaakademia.com\/en\/wp-json\/wp\/v2\/pages\/639\/revisions\/1070"}],"wp:attachment":[{"href":"https:\/\/malotaakademia.com\/en\/wp-json\/wp\/v2\/media?parent=639"}],"curies":[{"name":"wp","href":"https:\/\/api.w.org\/{rel}","templated":true}]}}