{"id":449,"date":"2025-04-27T18:57:52","date_gmt":"2025-04-27T16:57:52","guid":{"rendered":"https:\/\/malotaakademia.com\/?page_id=449"},"modified":"2025-09-11T11:44:15","modified_gmt":"2025-09-11T09:44:15","slug":"olvasasra-ajanljuk","status":"publish","type":"page","link":"https:\/\/malotaakademia.com\/en\/olvasasra-ajanljuk\/","title":{"rendered":"Recommended reading"},"content":{"rendered":"<div class=\"wp-block-media-text is-stacked-on-mobile is-style-rounded\" style=\"grid-template-columns:55% auto\"><figure class=\"wp-block-media-text__media\"><img loading=\"lazy\" decoding=\"async\" width=\"900\" height=\"600\" src=\"https:\/\/malotaakademia.com\/wp-content\/uploads\/2025\/04\/gauchos-argentina.jpg\" alt=\"\" class=\"wp-image-452 size-full\" srcset=\"https:\/\/malotaakademia.com\/wp-content\/uploads\/2025\/04\/gauchos-argentina.jpg 900w, https:\/\/malotaakademia.com\/wp-content\/uploads\/2025\/04\/gauchos-argentina-600x400.jpg 600w, https:\/\/malotaakademia.com\/wp-content\/uploads\/2025\/04\/gauchos-argentina-300x200.jpg 300w, https:\/\/malotaakademia.com\/wp-content\/uploads\/2025\/04\/gauchos-argentina-768x512.jpg 768w, https:\/\/malotaakademia.com\/wp-content\/uploads\/2025\/04\/gauchos-argentina-18x12.jpg 18w\" sizes=\"auto, (max-width: 900px) 100vw, 900px\" \/><\/figure><div class=\"wp-block-media-text__content\">\n<div style=\"height:35px\" aria-hidden=\"true\" class=\"wp-block-spacer\"><\/div>\n\n\n\n<div class=\"wp-block-buttons is-layout-flex wp-block-buttons-is-layout-flex\">\n<div class=\"wp-block-button is-style-fill\"><a class=\"wp-block-button__link has-background wp-element-button\" href=\"https:\/\/www.alinea.hu\/kulturak_talalkozasa\" style=\"background-color:#33a7a4\" target=\"_blank\" rel=\"noreferrer noopener\">Kult\u00far\u00e1k tal\u00e1lkoz\u00e1sa (When Cultures Meet)<\/a><\/div>\n<\/div>\n\n\n\n<div style=\"height:35px\" aria-hidden=\"true\" class=\"wp-block-spacer\"><\/div>\n\n\n\n<div class=\"wp-block-buttons is-layout-flex wp-block-buttons-is-layout-flex\">\n<div class=\"wp-block-button is-style-fill\"><a class=\"wp-block-button__link has-background wp-element-button\" href=\"https:\/\/m2.mtmt.hu\/api\/publication?format=html&amp;labelLang=hun&amp;sort=publishedYear,desc&amp;cond=authors;eq;10012070\" style=\"background-color:#33a7a4\" target=\"_blank\" rel=\"noreferrer noopener\">Publications<\/a><\/div>\n<\/div>\n\n\n\n<div style=\"height:35px\" aria-hidden=\"true\" class=\"wp-block-spacer\"><\/div>\n\n\n\n<div class=\"wp-block-buttons is-layout-flex wp-block-buttons-is-layout-flex\">\n<div class=\"wp-block-button is-style-fill\"><a class=\"wp-block-button__link has-background wp-element-button\" href=\"https:\/\/mersz.hu\/dokumentum\/dj76nm__1\/\" style=\"background-color:#33a7a4\" target=\"_blank\" rel=\"noreferrer noopener\">Nemzetk\u00f6zi Marketing (International Marketing)<\/a><\/div>\n<\/div>\n<\/div><\/div>","protected":false},"excerpt":{"rendered":"","protected":false},"author":1,"featured_media":452,"parent":0,"menu_order":0,"comment_status":"closed","ping_status":"closed","template":"","meta":{"footnotes":""},"class_list":["post-449","page","type-page","status-publish","has-post-thumbnail","hentry"],"yoast_head":"<!-- This site is optimized with the Yoast SEO plugin v25.1 - https:\/\/yoast.com\/wordpress\/plugins\/seo\/ -->\n<title>Olvas\u00e1sra aj\u00e1nljuk - Malota Akad\u00e9mia<\/title>\n<meta name=\"robots\" content=\"index, follow, max-snippet:-1, max-image-preview:large, max-video-preview:-1\" \/>\n<link rel=\"canonical\" href=\"https:\/\/malotaakademia.com\/en\/olvasasra-ajanljuk\/\" \/>\n<meta property=\"og:locale\" content=\"en_US\" \/>\n<meta property=\"og:type\" content=\"article\" \/>\n<meta property=\"og:title\" content=\"Olvas\u00e1sra aj\u00e1nljuk - Malota Akad\u00e9mia\" \/>\n<meta property=\"og:url\" content=\"https:\/\/malotaakademia.com\/en\/olvasasra-ajanljuk\/\" \/>\n<meta property=\"og:site_name\" content=\"Malota Akad\u00e9mia\" \/>\n<meta property=\"article:modified_time\" content=\"2025-09-11T09:44:15+00:00\" \/>\n<meta property=\"og:image\" content=\"https:\/\/malotaakademia.com\/wp-content\/uploads\/2025\/04\/gauchos-argentina.jpg\" \/>\n\t<meta property=\"og:image:width\" content=\"900\" \/>\n\t<meta property=\"og:image:height\" content=\"600\" \/>\n\t<meta property=\"og:image:type\" content=\"image\/jpeg\" \/>\n<meta name=\"twitter:card\" content=\"summary_large_image\" \/>\n<meta name=\"twitter:label1\" content=\"Est. reading time\" \/>\n\t<meta name=\"twitter:data1\" content=\"1 minute\" \/>\n<script type=\"application\/ld+json\" class=\"yoast-schema-graph\">{\"@context\":\"https:\/\/schema.org\",\"@graph\":[{\"@type\":\"WebPage\",\"@id\":\"https:\/\/malotaakademia.com\/olvasasra-ajanljuk\/\",\"url\":\"https:\/\/malotaakademia.com\/olvasasra-ajanljuk\/\",\"name\":\"Olvas\u00e1sra aj\u00e1nljuk - Malota Akad\u00e9mia\",\"isPartOf\":{\"@id\":\"https:\/\/malotaakademia.com\/#website\"},\"primaryImageOfPage\":{\"@id\":\"https:\/\/malotaakademia.com\/olvasasra-ajanljuk\/#primaryimage\"},\"image\":{\"@id\":\"https:\/\/malotaakademia.com\/olvasasra-ajanljuk\/#primaryimage\"},\"thumbnailUrl\":\"https:\/\/malotaakademia.com\/wp-content\/uploads\/2025\/04\/gauchos-argentina.jpg\",\"datePublished\":\"2025-04-27T16:57:52+00:00\",\"dateModified\":\"2025-09-11T09:44:15+00:00\",\"breadcrumb\":{\"@id\":\"https:\/\/malotaakademia.com\/olvasasra-ajanljuk\/#breadcrumb\"},\"inLanguage\":\"en-US\",\"potentialAction\":[{\"@type\":\"ReadAction\",\"target\":[\"https:\/\/malotaakademia.com\/olvasasra-ajanljuk\/\"]}]},{\"@type\":\"ImageObject\",\"inLanguage\":\"en-US\",\"@id\":\"https:\/\/malotaakademia.com\/olvasasra-ajanljuk\/#primaryimage\",\"url\":\"https:\/\/malotaakademia.com\/wp-content\/uploads\/2025\/04\/gauchos-argentina.jpg\",\"contentUrl\":\"https:\/\/malotaakademia.com\/wp-content\/uploads\/2025\/04\/gauchos-argentina.jpg\",\"width\":900,\"height\":600},{\"@type\":\"BreadcrumbList\",\"@id\":\"https:\/\/malotaakademia.com\/olvasasra-ajanljuk\/#breadcrumb\",\"itemListElement\":[{\"@type\":\"ListItem\",\"position\":1,\"name\":\"Kezd\u0151lap\",\"item\":\"https:\/\/malotaakademia.com\/\"},{\"@type\":\"ListItem\",\"position\":2,\"name\":\"Olvas\u00e1sra aj\u00e1nljuk\"}]},{\"@type\":\"WebSite\",\"@id\":\"https:\/\/malotaakademia.com\/#website\",\"url\":\"https:\/\/malotaakademia.com\/\",\"name\":\"Malota Akad\u00e9mia\",\"description\":\"Kommunik\u00e1ci\u00f3s \u00e9s interkultur\u00e1lis kompetencia fejleszt\u0151 tr\u00e9ningek\",\"publisher\":{\"@id\":\"https:\/\/malotaakademia.com\/#organization\"},\"potentialAction\":[{\"@type\":\"SearchAction\",\"target\":{\"@type\":\"EntryPoint\",\"urlTemplate\":\"https:\/\/malotaakademia.com\/?s={search_term_string}\"},\"query-input\":{\"@type\":\"PropertyValueSpecification\",\"valueRequired\":true,\"valueName\":\"search_term_string\"}}],\"inLanguage\":\"en-US\"},{\"@type\":\"Organization\",\"@id\":\"https:\/\/malotaakademia.com\/#organization\",\"name\":\"Malota Akad\u00e9mia\",\"url\":\"https:\/\/malotaakademia.com\/\",\"logo\":{\"@type\":\"ImageObject\",\"inLanguage\":\"en-US\",\"@id\":\"https:\/\/malotaakademia.com\/#\/schema\/logo\/image\/\",\"url\":\"https:\/\/malotaakademia.com\/wp-content\/uploads\/2025\/04\/Kep1final.png\",\"contentUrl\":\"https:\/\/malotaakademia.com\/wp-content\/uploads\/2025\/04\/Kep1final.png\",\"width\":683,\"height\":644,\"caption\":\"Malota Akad\u00e9mia\"},\"image\":{\"@id\":\"https:\/\/malotaakademia.com\/#\/schema\/logo\/image\/\"}}]}<\/script>\n<!-- \/ Yoast SEO plugin. -->","yoast_head_json":{"title":"Olvas\u00e1sra aj\u00e1nljuk - Malota Akad\u00e9mia","robots":{"index":"index","follow":"follow","max-snippet":"max-snippet:-1","max-image-preview":"max-image-preview:large","max-video-preview":"max-video-preview:-1"},"canonical":"https:\/\/malotaakademia.com\/en\/olvasasra-ajanljuk\/","og_locale":"en_US","og_type":"article","og_title":"Olvas\u00e1sra aj\u00e1nljuk - Malota Akad\u00e9mia","og_url":"https:\/\/malotaakademia.com\/en\/olvasasra-ajanljuk\/","og_site_name":"Malota Akad\u00e9mia","article_modified_time":"2025-09-11T09:44:15+00:00","og_image":[{"width":900,"height":600,"url":"https:\/\/malotaakademia.com\/wp-content\/uploads\/2025\/04\/gauchos-argentina.jpg","type":"image\/jpeg"}],"twitter_card":"summary_large_image","twitter_misc":{"Est. reading time":"1 minute"},"schema":{"@context":"https:\/\/schema.org","@graph":[{"@type":"WebPage","@id":"https:\/\/malotaakademia.com\/olvasasra-ajanljuk\/","url":"https:\/\/malotaakademia.com\/olvasasra-ajanljuk\/","name":"Olvas\u00e1sra aj\u00e1nljuk - Malota Akad\u00e9mia","isPartOf":{"@id":"https:\/\/malotaakademia.com\/#website"},"primaryImageOfPage":{"@id":"https:\/\/malotaakademia.com\/olvasasra-ajanljuk\/#primaryimage"},"image":{"@id":"https:\/\/malotaakademia.com\/olvasasra-ajanljuk\/#primaryimage"},"thumbnailUrl":"https:\/\/malotaakademia.com\/wp-content\/uploads\/2025\/04\/gauchos-argentina.jpg","datePublished":"2025-04-27T16:57:52+00:00","dateModified":"2025-09-11T09:44:15+00:00","breadcrumb":{"@id":"https:\/\/malotaakademia.com\/olvasasra-ajanljuk\/#breadcrumb"},"inLanguage":"en-US","potentialAction":[{"@type":"ReadAction","target":["https:\/\/malotaakademia.com\/olvasasra-ajanljuk\/"]}]},{"@type":"ImageObject","inLanguage":"en-US","@id":"https:\/\/malotaakademia.com\/olvasasra-ajanljuk\/#primaryimage","url":"https:\/\/malotaakademia.com\/wp-content\/uploads\/2025\/04\/gauchos-argentina.jpg","contentUrl":"https:\/\/malotaakademia.com\/wp-content\/uploads\/2025\/04\/gauchos-argentina.jpg","width":900,"height":600},{"@type":"BreadcrumbList","@id":"https:\/\/malotaakademia.com\/olvasasra-ajanljuk\/#breadcrumb","itemListElement":[{"@type":"ListItem","position":1,"name":"Kezd\u0151lap","item":"https:\/\/malotaakademia.com\/"},{"@type":"ListItem","position":2,"name":"Olvas\u00e1sra aj\u00e1nljuk"}]},{"@type":"WebSite","@id":"https:\/\/malotaakademia.com\/#website","url":"https:\/\/malotaakademia.com\/","name":"Malota Akad\u00e9mia","description":"Kommunik\u00e1ci\u00f3s \u00e9s interkultur\u00e1lis kompetencia fejleszt\u0151 tr\u00e9ningek","publisher":{"@id":"https:\/\/malotaakademia.com\/#organization"},"potentialAction":[{"@type":"SearchAction","target":{"@type":"EntryPoint","urlTemplate":"https:\/\/malotaakademia.com\/?s={search_term_string}"},"query-input":{"@type":"PropertyValueSpecification","valueRequired":true,"valueName":"search_term_string"}}],"inLanguage":"en-US"},{"@type":"Organization","@id":"https:\/\/malotaakademia.com\/#organization","name":"Malota Akad\u00e9mia","url":"https:\/\/malotaakademia.com\/","logo":{"@type":"ImageObject","inLanguage":"en-US","@id":"https:\/\/malotaakademia.com\/#\/schema\/logo\/image\/","url":"https:\/\/malotaakademia.com\/wp-content\/uploads\/2025\/04\/Kep1final.png","contentUrl":"https:\/\/malotaakademia.com\/wp-content\/uploads\/2025\/04\/Kep1final.png","width":683,"height":644,"caption":"Malota Akad\u00e9mia"},"image":{"@id":"https:\/\/malotaakademia.com\/#\/schema\/logo\/image\/"}}]}},"jetpack_sharing_enabled":true,"_links":{"self":[{"href":"https:\/\/malotaakademia.com\/en\/wp-json\/wp\/v2\/pages\/449","targetHints":{"allow":["GET"]}}],"collection":[{"href":"https:\/\/malotaakademia.com\/en\/wp-json\/wp\/v2\/pages"}],"about":[{"href":"https:\/\/malotaakademia.com\/en\/wp-json\/wp\/v2\/types\/page"}],"author":[{"embeddable":true,"href":"https:\/\/malotaakademia.com\/en\/wp-json\/wp\/v2\/users\/1"}],"replies":[{"embeddable":true,"href":"https:\/\/malotaakademia.com\/en\/wp-json\/wp\/v2\/comments?post=449"}],"version-history":[{"count":10,"href":"https:\/\/malotaakademia.com\/en\/wp-json\/wp\/v2\/pages\/449\/revisions"}],"predecessor-version":[{"id":1068,"href":"https:\/\/malotaakademia.com\/en\/wp-json\/wp\/v2\/pages\/449\/revisions\/1068"}],"wp:featuredmedia":[{"embeddable":true,"href":"https:\/\/malotaakademia.com\/en\/wp-json\/wp\/v2\/media\/452"}],"wp:attachment":[{"href":"https:\/\/malotaakademia.com\/en\/wp-json\/wp\/v2\/media?parent=449"}],"curies":[{"name":"wp","href":"https:\/\/api.w.org\/{rel}","templated":true}]}}