{"id":418,"date":"2025-04-27T18:15:50","date_gmt":"2025-04-27T16:15:50","guid":{"rendered":"https:\/\/malotaakademia.com\/?page_id=418"},"modified":"2025-09-11T11:44:14","modified_gmt":"2025-09-11T09:44:14","slug":"kompass3-modszerunk","status":"publish","type":"page","link":"https:\/\/malotaakademia.com\/en\/kompass3-modszerunk\/","title":{"rendered":"Our COMpass3 method"},"content":{"rendered":"<figure class=\"wp-block-image size-full is-resized\"><img loading=\"lazy\" decoding=\"async\" width=\"683\" height=\"644\" src=\"https:\/\/malotaakademia.com\/wp-content\/uploads\/2025\/05\/angollogo.png\" alt=\"\" class=\"wp-image-574\" style=\"width:247px;height:auto\" srcset=\"https:\/\/malotaakademia.com\/wp-content\/uploads\/2025\/05\/angollogo.png 345w, https:\/\/malotaakademia.com\/wp-content\/uploads\/2025\/05\/angollogo-300x281.png 300w, https:\/\/malotaakademia.com\/wp-content\/uploads\/2025\/05\/angollogo-13x12.png 13w\" sizes=\"auto, (max-width: 683px) 100vw, 683px\" \/><\/figure>\n\n\n\n<h2 class=\"wp-block-heading\">COMpass<\/h2>\n\n\n\n<p class=\"has-text-color has-link-color wp-elements-8a54104096a8916a1e86311b6f7806c1\" style=\"color:#004652\">The symbol of the compass. The trainings aim to help participants find the right direction in communication and soft skill competencies. It helps them make conscious decisions and develop in various interactions. A kind of passport for cultured communication.<\/p>\n\n\n\n<h2 class=\"wp-block-heading\">COMpass3<\/h2>\n\n\n\n<p class=\"has-text-color has-link-color wp-elements-e10a246c314f405a8e3e536571bf10dc\" style=\"color:#004652\">The three digits represents the three pillars of the training:<\/p>\n\n\n\n<h2 class=\"wp-block-heading\">Communication. Culture. Competence. <\/h2>\n\n\n\n<div style=\"height:54px\" aria-hidden=\"true\" class=\"wp-block-spacer\"><\/div>\n\n\n\n<div class=\"wp-block-media-text is-stacked-on-mobile\" style=\"grid-template-columns:44% auto\"><figure class=\"wp-block-media-text__media\"><img loading=\"lazy\" decoding=\"async\" width=\"540\" height=\"405\" src=\"https:\/\/malotaakademia.com\/wp-content\/uploads\/2025\/04\/GGG.jpg\" alt=\"\" class=\"wp-image-428 size-full\" srcset=\"https:\/\/malotaakademia.com\/wp-content\/uploads\/2025\/04\/GGG.jpg 540w, https:\/\/malotaakademia.com\/wp-content\/uploads\/2025\/04\/GGG-300x225.jpg 300w, https:\/\/malotaakademia.com\/wp-content\/uploads\/2025\/04\/GGG-16x12.jpg 16w\" sizes=\"auto, (max-width: 540px) 100vw, 540px\" \/><\/figure><div class=\"wp-block-media-text__content\">\n<p><\/p>\n\n\n\n<h2 class=\"wp-block-heading alignwide has-text-align-center\">Communication<\/h2>\n\n\n\n<p class=\"has-text-align-center has-text-color has-link-color wp-elements-22c7092f7e309eb5f3021198d7efc4fa\" style=\"color:#004652\">An important goal of the trainings is to develop verbal and non-verbal communication, basic communication skills, conflict management, active listening and feedback.<\/p>\n<\/div><\/div>\n\n\n\n<div style=\"height:80px\" aria-hidden=\"true\" class=\"wp-block-spacer\"><\/div>\n\n\n\n<div class=\"wp-block-media-text is-stacked-on-mobile\" style=\"grid-template-columns:42% auto\"><figure class=\"wp-block-media-text__media\"><img loading=\"lazy\" decoding=\"async\" width=\"540\" height=\"405\" src=\"https:\/\/malotaakademia.com\/wp-content\/uploads\/2025\/04\/HTRHT.jpg\" alt=\"\" class=\"wp-image-436 size-full\" srcset=\"https:\/\/malotaakademia.com\/wp-content\/uploads\/2025\/04\/HTRHT.jpg 540w, https:\/\/malotaakademia.com\/wp-content\/uploads\/2025\/04\/HTRHT-300x225.jpg 300w, https:\/\/malotaakademia.com\/wp-content\/uploads\/2025\/04\/HTRHT-16x12.jpg 16w\" sizes=\"auto, (max-width: 540px) 100vw, 540px\" \/><\/figure><div class=\"wp-block-media-text__content\">\n<p><\/p>\n\n\n\n<h2 class=\"wp-block-heading has-text-align-center\">Culture<\/h2>\n\n\n\n<p class=\"has-text-align-center has-text-color has-link-color wp-elements-b9fdfdab5f09222d4d59528e4fed50f0\" style=\"color:#004652\">The training focuses on understanding and respecting cultural differences. This is not only about the international arena, intercultural competences also include understanding other nations, religions, generations, genders, value systems, etc., by developing cultural sensitivity and tolerance.<\/p>\n\n\n\n<h5 class=\"wp-block-heading has-text-color has-link-color wp-elements-9a129bc9bfadcbcabf0e2a53fd9febf8\" style=\"color:#004652\"><\/h5>\n<\/div><\/div>\n\n\n\n<div style=\"height:80px\" aria-hidden=\"true\" class=\"wp-block-spacer\"><\/div>\n\n\n\n<div class=\"wp-block-media-text is-stacked-on-mobile\" style=\"grid-template-columns:41% auto\"><figure class=\"wp-block-media-text__media\"><img loading=\"lazy\" decoding=\"async\" width=\"465\" height=\"365\" src=\"https:\/\/malotaakademia.com\/wp-content\/uploads\/2025\/04\/Kep22-2.jpg\" alt=\"\" class=\"wp-image-442 size-full\" srcset=\"https:\/\/malotaakademia.com\/wp-content\/uploads\/2025\/04\/Kep22-2.jpg 465w, https:\/\/malotaakademia.com\/wp-content\/uploads\/2025\/04\/Kep22-2-300x235.jpg 300w, https:\/\/malotaakademia.com\/wp-content\/uploads\/2025\/04\/Kep22-2-15x12.jpg 15w\" sizes=\"auto, (max-width: 465px) 100vw, 465px\" \/><\/figure><div class=\"wp-block-media-text__content\">\n<p><\/p>\n\n\n\n<h2 class=\"wp-block-heading has-text-align-center\">Competence<\/h2>\n\n\n\n<p class=\"has-text-align-center has-text-color has-link-color wp-elements-4e77ee99232a57c4bb575d7835e11367\" style=\"color:#004652\">We focus on personal competencies: how to develop our personal skills, such as self-awareness, understanding our own boundaries, and communication effectiveness? If needed, we will touch on professional competencies: business communication and negotiation techniques, adapting to different work environments, and handling intercultural conflicts.<\/p>\n<\/div><\/div>\n\n\n\n<p><\/p>","protected":false},"excerpt":{"rendered":"<p>KOMpass Az ir\u00e1nyt\u0171 szimb\u00f3luma. A tr\u00e9ningek c\u00e9lja, hogy a r\u00e9sztvev\u0151k megtal\u00e1lj\u00e1k a helyes ir\u00e1nyt a kommunik\u00e1ci\u00f3 \u00e9s a soft skill kompetenci\u00e1k ter\u00e9n. Seg\u00edt abban, hogy tudatos d\u00f6nt\u00e9seket hozzanak \u00e9s fejl\u0151djenek a k\u00fcl\u00f6nb\u00f6z\u0151 interakci\u00f3kban. Egyfajta \u00fatlev\u00e9l, &#8222;passport&#8221; a kultur\u00e1lt kommunik\u00e1ci\u00f3hoz. KOMpass3 A h\u00e1rmas sz\u00e1mjegy szimboliz\u00e1lja a tr\u00e9ning h\u00e1rom alappill\u00e9r\u00e9t: Kommunik\u00e1ci\u00f3. Kult\u00fara. Kompetencia. Kommunik\u00e1ci\u00f3 A tr\u00e9ningek fontos <a class=\"read-more\" href=\"https:\/\/malotaakademia.com\/en\/kompass3-modszerunk\/\">READ MORE<\/a><\/p>","protected":false},"author":1,"featured_media":0,"parent":0,"menu_order":0,"comment_status":"closed","ping_status":"closed","template":"","meta":{"footnotes":""},"class_list":["post-418","page","type-page","status-publish","hentry"],"yoast_head":"<!-- This site is optimized with the Yoast SEO plugin v25.1 - https:\/\/yoast.com\/wordpress\/plugins\/seo\/ -->\n<title>KOMpass3 m\u00f3dszer\u00fcnk - Malota Akad\u00e9mia<\/title>\n<meta name=\"robots\" content=\"index, follow, max-snippet:-1, max-image-preview:large, max-video-preview:-1\" \/>\n<link rel=\"canonical\" href=\"https:\/\/malotaakademia.com\/en\/kompass3-modszerunk\/\" \/>\n<meta property=\"og:locale\" content=\"en_US\" \/>\n<meta property=\"og:type\" content=\"article\" \/>\n<meta property=\"og:title\" content=\"KOMpass3 m\u00f3dszer\u00fcnk - Malota Akad\u00e9mia\" \/>\n<meta property=\"og:description\" content=\"KOMpass Az ir\u00e1nyt\u0171 szimb\u00f3luma. A tr\u00e9ningek c\u00e9lja, hogy a r\u00e9sztvev\u0151k megtal\u00e1lj\u00e1k a helyes ir\u00e1nyt a kommunik\u00e1ci\u00f3 \u00e9s a soft skill kompetenci\u00e1k ter\u00e9n. Seg\u00edt abban, hogy tudatos d\u00f6nt\u00e9seket hozzanak \u00e9s fejl\u0151djenek a k\u00fcl\u00f6nb\u00f6z\u0151 interakci\u00f3kban. Egyfajta \u00fatlev\u00e9l, &#8222;passport&#8221; a kultur\u00e1lt kommunik\u00e1ci\u00f3hoz. KOMpass3 A h\u00e1rmas sz\u00e1mjegy szimboliz\u00e1lja a tr\u00e9ning h\u00e1rom alappill\u00e9r\u00e9t: Kommunik\u00e1ci\u00f3. Kult\u00fara. Kompetencia. Kommunik\u00e1ci\u00f3 A tr\u00e9ningek fontos READ MORE\" \/>\n<meta property=\"og:url\" content=\"https:\/\/malotaakademia.com\/en\/kompass3-modszerunk\/\" \/>\n<meta property=\"og:site_name\" content=\"Malota Akad\u00e9mia\" \/>\n<meta property=\"article:modified_time\" content=\"2025-09-11T09:44:14+00:00\" \/>\n<meta property=\"og:image\" content=\"https:\/\/malotaakademia.com\/wp-content\/uploads\/2025\/05\/image0-3.png\" \/>\n\t<meta property=\"og:image:width\" content=\"683\" \/>\n\t<meta property=\"og:image:height\" content=\"644\" \/>\n\t<meta property=\"og:image:type\" content=\"image\/png\" \/>\n<meta name=\"twitter:card\" content=\"summary_large_image\" \/>\n<meta name=\"twitter:label1\" content=\"Est. reading time\" \/>\n\t<meta name=\"twitter:data1\" content=\"2 minutes\" \/>\n<script type=\"application\/ld+json\" class=\"yoast-schema-graph\">{\"@context\":\"https:\/\/schema.org\",\"@graph\":[{\"@type\":\"WebPage\",\"@id\":\"https:\/\/malotaakademia.com\/kompass3-modszerunk\/\",\"url\":\"https:\/\/malotaakademia.com\/kompass3-modszerunk\/\",\"name\":\"KOMpass3 m\u00f3dszer\u00fcnk - Malota Akad\u00e9mia\",\"isPartOf\":{\"@id\":\"https:\/\/malotaakademia.com\/#website\"},\"primaryImageOfPage\":{\"@id\":\"https:\/\/malotaakademia.com\/kompass3-modszerunk\/#primaryimage\"},\"image\":{\"@id\":\"https:\/\/malotaakademia.com\/kompass3-modszerunk\/#primaryimage\"},\"thumbnailUrl\":\"https:\/\/malotaakademia.com\/wp-content\/uploads\/2025\/05\/image0-3.png\",\"datePublished\":\"2025-04-27T16:15:50+00:00\",\"dateModified\":\"2025-09-11T09:44:14+00:00\",\"breadcrumb\":{\"@id\":\"https:\/\/malotaakademia.com\/kompass3-modszerunk\/#breadcrumb\"},\"inLanguage\":\"en-US\",\"potentialAction\":[{\"@type\":\"ReadAction\",\"target\":[\"https:\/\/malotaakademia.com\/kompass3-modszerunk\/\"]}]},{\"@type\":\"ImageObject\",\"inLanguage\":\"en-US\",\"@id\":\"https:\/\/malotaakademia.com\/kompass3-modszerunk\/#primaryimage\",\"url\":\"https:\/\/malotaakademia.com\/wp-content\/uploads\/2025\/05\/image0-3.png\",\"contentUrl\":\"https:\/\/malotaakademia.com\/wp-content\/uploads\/2025\/05\/image0-3.png\"},{\"@type\":\"BreadcrumbList\",\"@id\":\"https:\/\/malotaakademia.com\/kompass3-modszerunk\/#breadcrumb\",\"itemListElement\":[{\"@type\":\"ListItem\",\"position\":1,\"name\":\"Kezd\u0151lap\",\"item\":\"https:\/\/malotaakademia.com\/\"},{\"@type\":\"ListItem\",\"position\":2,\"name\":\"KOMpass3 m\u00f3dszer\u00fcnk\"}]},{\"@type\":\"WebSite\",\"@id\":\"https:\/\/malotaakademia.com\/#website\",\"url\":\"https:\/\/malotaakademia.com\/\",\"name\":\"Malota Akad\u00e9mia\",\"description\":\"Kommunik\u00e1ci\u00f3s \u00e9s interkultur\u00e1lis kompetencia fejleszt\u0151 tr\u00e9ningek\",\"publisher\":{\"@id\":\"https:\/\/malotaakademia.com\/#organization\"},\"potentialAction\":[{\"@type\":\"SearchAction\",\"target\":{\"@type\":\"EntryPoint\",\"urlTemplate\":\"https:\/\/malotaakademia.com\/?s={search_term_string}\"},\"query-input\":{\"@type\":\"PropertyValueSpecification\",\"valueRequired\":true,\"valueName\":\"search_term_string\"}}],\"inLanguage\":\"en-US\"},{\"@type\":\"Organization\",\"@id\":\"https:\/\/malotaakademia.com\/#organization\",\"name\":\"Malota Akad\u00e9mia\",\"url\":\"https:\/\/malotaakademia.com\/\",\"logo\":{\"@type\":\"ImageObject\",\"inLanguage\":\"en-US\",\"@id\":\"https:\/\/malotaakademia.com\/#\/schema\/logo\/image\/\",\"url\":\"https:\/\/malotaakademia.com\/wp-content\/uploads\/2025\/04\/Kep1final.png\",\"contentUrl\":\"https:\/\/malotaakademia.com\/wp-content\/uploads\/2025\/04\/Kep1final.png\",\"width\":683,\"height\":644,\"caption\":\"Malota Akad\u00e9mia\"},\"image\":{\"@id\":\"https:\/\/malotaakademia.com\/#\/schema\/logo\/image\/\"}}]}<\/script>\n<!-- \/ Yoast SEO plugin. -->","yoast_head_json":{"title":"KOMpass3 m\u00f3dszer\u00fcnk - Malota Akad\u00e9mia","robots":{"index":"index","follow":"follow","max-snippet":"max-snippet:-1","max-image-preview":"max-image-preview:large","max-video-preview":"max-video-preview:-1"},"canonical":"https:\/\/malotaakademia.com\/en\/kompass3-modszerunk\/","og_locale":"en_US","og_type":"article","og_title":"KOMpass3 m\u00f3dszer\u00fcnk - Malota Akad\u00e9mia","og_description":"KOMpass Az ir\u00e1nyt\u0171 szimb\u00f3luma. A tr\u00e9ningek c\u00e9lja, hogy a r\u00e9sztvev\u0151k megtal\u00e1lj\u00e1k a helyes ir\u00e1nyt a kommunik\u00e1ci\u00f3 \u00e9s a soft skill kompetenci\u00e1k ter\u00e9n. Seg\u00edt abban, hogy tudatos d\u00f6nt\u00e9seket hozzanak \u00e9s fejl\u0151djenek a k\u00fcl\u00f6nb\u00f6z\u0151 interakci\u00f3kban. Egyfajta \u00fatlev\u00e9l, &#8222;passport&#8221; a kultur\u00e1lt kommunik\u00e1ci\u00f3hoz. KOMpass3 A h\u00e1rmas sz\u00e1mjegy szimboliz\u00e1lja a tr\u00e9ning h\u00e1rom alappill\u00e9r\u00e9t: Kommunik\u00e1ci\u00f3. Kult\u00fara. Kompetencia. Kommunik\u00e1ci\u00f3 A tr\u00e9ningek fontos READ MORE","og_url":"https:\/\/malotaakademia.com\/en\/kompass3-modszerunk\/","og_site_name":"Malota Akad\u00e9mia","article_modified_time":"2025-09-11T09:44:14+00:00","og_image":[{"width":683,"height":644,"url":"https:\/\/malotaakademia.com\/wp-content\/uploads\/2025\/05\/image0-3.png","type":"image\/png"}],"twitter_card":"summary_large_image","twitter_misc":{"Est. reading time":"2 minutes"},"schema":{"@context":"https:\/\/schema.org","@graph":[{"@type":"WebPage","@id":"https:\/\/malotaakademia.com\/kompass3-modszerunk\/","url":"https:\/\/malotaakademia.com\/kompass3-modszerunk\/","name":"KOMpass3 m\u00f3dszer\u00fcnk - Malota Akad\u00e9mia","isPartOf":{"@id":"https:\/\/malotaakademia.com\/#website"},"primaryImageOfPage":{"@id":"https:\/\/malotaakademia.com\/kompass3-modszerunk\/#primaryimage"},"image":{"@id":"https:\/\/malotaakademia.com\/kompass3-modszerunk\/#primaryimage"},"thumbnailUrl":"https:\/\/malotaakademia.com\/wp-content\/uploads\/2025\/05\/image0-3.png","datePublished":"2025-04-27T16:15:50+00:00","dateModified":"2025-09-11T09:44:14+00:00","breadcrumb":{"@id":"https:\/\/malotaakademia.com\/kompass3-modszerunk\/#breadcrumb"},"inLanguage":"en-US","potentialAction":[{"@type":"ReadAction","target":["https:\/\/malotaakademia.com\/kompass3-modszerunk\/"]}]},{"@type":"ImageObject","inLanguage":"en-US","@id":"https:\/\/malotaakademia.com\/kompass3-modszerunk\/#primaryimage","url":"https:\/\/malotaakademia.com\/wp-content\/uploads\/2025\/05\/image0-3.png","contentUrl":"https:\/\/malotaakademia.com\/wp-content\/uploads\/2025\/05\/image0-3.png"},{"@type":"BreadcrumbList","@id":"https:\/\/malotaakademia.com\/kompass3-modszerunk\/#breadcrumb","itemListElement":[{"@type":"ListItem","position":1,"name":"Kezd\u0151lap","item":"https:\/\/malotaakademia.com\/"},{"@type":"ListItem","position":2,"name":"KOMpass3 m\u00f3dszer\u00fcnk"}]},{"@type":"WebSite","@id":"https:\/\/malotaakademia.com\/#website","url":"https:\/\/malotaakademia.com\/","name":"Malota Akad\u00e9mia","description":"Kommunik\u00e1ci\u00f3s \u00e9s interkultur\u00e1lis kompetencia fejleszt\u0151 tr\u00e9ningek","publisher":{"@id":"https:\/\/malotaakademia.com\/#organization"},"potentialAction":[{"@type":"SearchAction","target":{"@type":"EntryPoint","urlTemplate":"https:\/\/malotaakademia.com\/?s={search_term_string}"},"query-input":{"@type":"PropertyValueSpecification","valueRequired":true,"valueName":"search_term_string"}}],"inLanguage":"en-US"},{"@type":"Organization","@id":"https:\/\/malotaakademia.com\/#organization","name":"Malota Akad\u00e9mia","url":"https:\/\/malotaakademia.com\/","logo":{"@type":"ImageObject","inLanguage":"en-US","@id":"https:\/\/malotaakademia.com\/#\/schema\/logo\/image\/","url":"https:\/\/malotaakademia.com\/wp-content\/uploads\/2025\/04\/Kep1final.png","contentUrl":"https:\/\/malotaakademia.com\/wp-content\/uploads\/2025\/04\/Kep1final.png","width":683,"height":644,"caption":"Malota Akad\u00e9mia"},"image":{"@id":"https:\/\/malotaakademia.com\/#\/schema\/logo\/image\/"}}]}},"jetpack_sharing_enabled":true,"_links":{"self":[{"href":"https:\/\/malotaakademia.com\/en\/wp-json\/wp\/v2\/pages\/418","targetHints":{"allow":["GET"]}}],"collection":[{"href":"https:\/\/malotaakademia.com\/en\/wp-json\/wp\/v2\/pages"}],"about":[{"href":"https:\/\/malotaakademia.com\/en\/wp-json\/wp\/v2\/types\/page"}],"author":[{"embeddable":true,"href":"https:\/\/malotaakademia.com\/en\/wp-json\/wp\/v2\/users\/1"}],"replies":[{"embeddable":true,"href":"https:\/\/malotaakademia.com\/en\/wp-json\/wp\/v2\/comments?post=418"}],"version-history":[{"count":42,"href":"https:\/\/malotaakademia.com\/en\/wp-json\/wp\/v2\/pages\/418\/revisions"}],"predecessor-version":[{"id":1031,"href":"https:\/\/malotaakademia.com\/en\/wp-json\/wp\/v2\/pages\/418\/revisions\/1031"}],"wp:attachment":[{"href":"https:\/\/malotaakademia.com\/en\/wp-json\/wp\/v2\/media?parent=418"}],"curies":[{"name":"wp","href":"https:\/\/api.w.org\/{rel}","templated":true}]}}