{"id":353,"date":"2025-04-27T08:47:22","date_gmt":"2025-04-27T06:47:22","guid":{"rendered":"https:\/\/malotaakademia.com\/?page_id=353"},"modified":"2026-03-07T11:25:31","modified_gmt":"2026-03-07T10:25:31","slug":"aktualis-treningek","status":"publish","type":"page","link":"https:\/\/malotaakademia.com\/en\/aktualis-treningek\/","title":{"rendered":"Currently available trainings"},"content":{"rendered":"<figure class=\"wp-block-image size-full is-resized\"><img loading=\"lazy\" decoding=\"async\" width=\"683\" height=\"644\" src=\"https:\/\/malotaakademia.com\/wp-content\/uploads\/2025\/05\/angollogo.png\" alt=\"\" class=\"wp-image-579\" style=\"aspect-ratio:1.0605696719342907;width:195px;height:auto\" srcset=\"https:\/\/malotaakademia.com\/wp-content\/uploads\/2025\/05\/angollogo.png 345w, https:\/\/malotaakademia.com\/wp-content\/uploads\/2025\/05\/angollogo-300x281.png 300w, https:\/\/malotaakademia.com\/wp-content\/uploads\/2025\/05\/angollogo-13x12.png 13w\" sizes=\"auto, (max-width: 683px) 100vw, 683px\" \/><\/figure>\n\n\n\n<div class=\"wp-block-buttons is-layout-flex wp-block-buttons-is-layout-flex\">\n<div class=\"wp-block-button\"><a class=\"wp-block-button__link has-background wp-element-button\" href=\"https:\/\/malotaakademia.com\/en\/kinai-kulgazdasagi-workshop\/\" style=\"background-color:#33a7a4\" target=\"_blank\" rel=\"noreferrer noopener\">K\u00cdNAI K\u00dcLGAZDAS\u00c1GI WORKSHOP<\/a><\/div>\n<\/div>\n\n\n\n<div style=\"height:51px\" aria-hidden=\"true\" class=\"wp-block-spacer\"><\/div>\n\n\n\n<div class=\"wp-block-buttons is-layout-flex wp-block-buttons-is-layout-flex\">\n<div class=\"wp-block-button\"><a class=\"wp-block-button__link has-background wp-element-button\" href=\"https:\/\/malotaakademia.com\/en\/kulgazdasagi-trening-kulpiacra-lepes-es-marketing\/\" style=\"background-color:#33a7a4\" target=\"_blank\" rel=\"noreferrer noopener\">K\u00dcLGAZDAS\u00c1GI TR\u00c9NING &#8211; K\u00dcLPIACRA L\u00c9P\u00c9S \u00c9S MARKETING &#8211; BETELT<\/a><\/div>\n<\/div>\n\n\n\n<div style=\"height:38px\" aria-hidden=\"true\" class=\"wp-block-spacer\"><\/div>\n\n\n\n<div class=\"wp-block-buttons is-layout-flex wp-block-buttons-is-layout-flex\">\n<div class=\"wp-block-button\"><a class=\"wp-block-button__link has-background wp-element-button\" href=\"https:\/\/malotaakademia.com\/en\/interkulturalis-kommunikacio-es-konfliktuskezeles-trening-a-testnevelesi-es-sporttudomanyi-egyetemen\/\" style=\"background-color:#33a7a4\" target=\"_blank\" rel=\"noreferrer noopener\">INTERKULTUR\u00c1LIS KOMMUNIK\u00c1CI\u00d3 \u00c9S KONFLIKTUSKEZEL\u00c9S TR\u00c9NING &#8211; BETELT<\/a><\/div>\n<\/div>\n\n\n\n<div style=\"height:40px\" aria-hidden=\"true\" class=\"wp-block-spacer\"><\/div>\n\n\n\n<div class=\"wp-block-buttons is-layout-flex wp-block-buttons-is-layout-flex\">\n<div class=\"wp-block-button\"><a class=\"wp-block-button__link has-background wp-element-button\" href=\"https:\/\/malotaakademia.com\/en\/vallalkozoi-marketing-workshop-kommunikacios-fokusszal\/\" style=\"background-color:#33a7a4\" target=\"_blank\" rel=\"noreferrer noopener\">V\u00c1LLALKOZ\u00d3I MARKETING WORKSHOP KOMMUNIK\u00c1CI\u00d3S F\u00d3KUSSZAL &#8211; BETELT<\/a><\/div>\n<\/div>\n\n\n\n<div style=\"height:33px\" aria-hidden=\"true\" class=\"wp-block-spacer\"><\/div>\n\n\n\n<div class=\"wp-block-buttons is-layout-flex wp-block-buttons-is-layout-flex\">\n<div class=\"wp-block-button\"><a class=\"wp-block-button__link has-background wp-element-button\" href=\"https:\/\/malotaakademia.com\/en\/kulpiacralepes\/\" style=\"background-color:#33a7a4\" target=\"_blank\" rel=\"noreferrer noopener\">K\u00dcLGAZDAS\u00c1GI TR\u00c9NING &#8211; K\u00dcLPIACRA L\u00c9P\u00c9S \u00c9S MARKETING &#8211; BETELT<\/a><\/div>\n<\/div>\n\n\n\n<div style=\"height:33px\" aria-hidden=\"true\" class=\"wp-block-spacer\"><\/div>\n\n\n\n<div class=\"wp-block-buttons is-layout-flex wp-block-buttons-is-layout-flex\">\n<div class=\"wp-block-button\"><a class=\"wp-block-button__link has-background wp-element-button\" href=\"https:\/\/malotaakademia.com\/en\/webinarium-kulturalis-gps-hogyan-navigalj-magabiztosan-ha-kulfoldre-mesz-tanulni-iden-osszel\/\" style=\"background-color:#33a7a4\" target=\"_blank\" rel=\"noreferrer noopener\">KULTUR\u00c1LIS GPS &#8211; Hogyan navig\u00e1lj magabiztosan, ha k\u00fclf\u00f6ldre m\u00e9sz tanulni id\u00e9n \u0151sszel &#8211; BETELT<\/a><\/div>\n<\/div>\n\n\n\n<div style=\"height:33px\" aria-hidden=\"true\" class=\"wp-block-spacer\"><\/div>\n\n\n\n<div class=\"wp-block-buttons is-layout-flex wp-block-buttons-is-layout-flex\">\n<div class=\"wp-block-button\"><a class=\"wp-block-button__link has-background wp-element-button\" href=\"https:\/\/malotaakademia.com\/en\/uj-treningek-elerhetoek\/\" style=\"background-color:#33a7a4\" target=\"_blank\" rel=\"noreferrer noopener\">V\u00c1LLALKOZ\u00d3I KOMMUNIK\u00c1CI\u00d3 TR\u00c9NING &#8211; BETELT<\/a><\/div>\n<\/div>\n\n\n\n<div style=\"height:33px\" aria-hidden=\"true\" class=\"wp-block-spacer\"><\/div>\n\n\n\n<div class=\"wp-block-buttons is-layout-flex wp-block-buttons-is-layout-flex\">\n<div class=\"wp-block-button is-style-outline is-style-outline--1\"><a class=\"wp-block-button__link has-white-color has-text-color has-background has-link-color wp-element-button\" style=\"background-color:#33a4a7\">vissza a f\u0151oldalra<\/a><\/div>\n<\/div>\n\n\n\n<p><\/p>","protected":false},"excerpt":{"rendered":"","protected":false},"author":1,"featured_media":0,"parent":0,"menu_order":0,"comment_status":"closed","ping_status":"closed","template":"","meta":{"footnotes":""},"class_list":["post-353","page","type-page","status-publish","hentry"],"yoast_head":"<!-- This site is optimized with the Yoast SEO plugin v25.1 - https:\/\/yoast.com\/wordpress\/plugins\/seo\/ -->\n<title>Aktu\u00e1lis tr\u00e9ningek - Malota Akad\u00e9mia<\/title>\n<meta name=\"description\" content=\"el\u00e9rhet\u0151 kommunik\u00e1ci\u00f3s tr\u00e9ningek\" \/>\n<meta name=\"robots\" content=\"index, follow, max-snippet:-1, max-image-preview:large, max-video-preview:-1\" \/>\n<link rel=\"canonical\" href=\"https:\/\/malotaakademia.com\/en\/aktualis-treningek\/\" \/>\n<meta property=\"og:locale\" content=\"en_US\" \/>\n<meta property=\"og:type\" content=\"article\" \/>\n<meta property=\"og:title\" content=\"Aktu\u00e1lis tr\u00e9ningek - Malota Akad\u00e9mia\" \/>\n<meta property=\"og:description\" content=\"el\u00e9rhet\u0151 kommunik\u00e1ci\u00f3s tr\u00e9ningek\" \/>\n<meta property=\"og:url\" content=\"https:\/\/malotaakademia.com\/en\/aktualis-treningek\/\" \/>\n<meta property=\"og:site_name\" content=\"Malota Akad\u00e9mia\" \/>\n<meta property=\"article:modified_time\" content=\"2026-03-07T10:25:31+00:00\" \/>\n<meta property=\"og:image\" content=\"https:\/\/malotaakademia.com\/wp-content\/uploads\/2025\/05\/image0-3-3.png\" \/>\n\t<meta property=\"og:image:width\" content=\"683\" \/>\n\t<meta property=\"og:image:height\" content=\"644\" \/>\n\t<meta property=\"og:image:type\" content=\"image\/png\" \/>\n<meta name=\"twitter:card\" content=\"summary_large_image\" \/>\n<meta name=\"twitter:label1\" content=\"Est. reading time\" \/>\n\t<meta name=\"twitter:data1\" content=\"1 minute\" \/>\n<script type=\"application\/ld+json\" class=\"yoast-schema-graph\">{\"@context\":\"https:\/\/schema.org\",\"@graph\":[{\"@type\":\"WebPage\",\"@id\":\"https:\/\/malotaakademia.com\/aktualis-treningek\/\",\"url\":\"https:\/\/malotaakademia.com\/aktualis-treningek\/\",\"name\":\"Aktu\u00e1lis tr\u00e9ningek - Malota Akad\u00e9mia\",\"isPartOf\":{\"@id\":\"https:\/\/malotaakademia.com\/#website\"},\"primaryImageOfPage\":{\"@id\":\"https:\/\/malotaakademia.com\/aktualis-treningek\/#primaryimage\"},\"image\":{\"@id\":\"https:\/\/malotaakademia.com\/aktualis-treningek\/#primaryimage\"},\"thumbnailUrl\":\"https:\/\/malotaakademia.com\/wp-content\/uploads\/2025\/05\/image0-3-3.png\",\"datePublished\":\"2025-04-27T06:47:22+00:00\",\"dateModified\":\"2026-03-07T10:25:31+00:00\",\"description\":\"el\u00e9rhet\u0151 kommunik\u00e1ci\u00f3s tr\u00e9ningek\",\"breadcrumb\":{\"@id\":\"https:\/\/malotaakademia.com\/aktualis-treningek\/#breadcrumb\"},\"inLanguage\":\"en-US\",\"potentialAction\":[{\"@type\":\"ReadAction\",\"target\":[\"https:\/\/malotaakademia.com\/aktualis-treningek\/\"]}]},{\"@type\":\"ImageObject\",\"inLanguage\":\"en-US\",\"@id\":\"https:\/\/malotaakademia.com\/aktualis-treningek\/#primaryimage\",\"url\":\"https:\/\/malotaakademia.com\/wp-content\/uploads\/2025\/05\/image0-3-3.png\",\"contentUrl\":\"https:\/\/malotaakademia.com\/wp-content\/uploads\/2025\/05\/image0-3-3.png\"},{\"@type\":\"BreadcrumbList\",\"@id\":\"https:\/\/malotaakademia.com\/aktualis-treningek\/#breadcrumb\",\"itemListElement\":[{\"@type\":\"ListItem\",\"position\":1,\"name\":\"Kezd\u0151lap\",\"item\":\"https:\/\/malotaakademia.com\/\"},{\"@type\":\"ListItem\",\"position\":2,\"name\":\"Aktu\u00e1lis tr\u00e9ningek\"}]},{\"@type\":\"WebSite\",\"@id\":\"https:\/\/malotaakademia.com\/#website\",\"url\":\"https:\/\/malotaakademia.com\/\",\"name\":\"Malota Akad\u00e9mia\",\"description\":\"Kommunik\u00e1ci\u00f3s \u00e9s interkultur\u00e1lis kompetencia fejleszt\u0151 tr\u00e9ningek\",\"publisher\":{\"@id\":\"https:\/\/malotaakademia.com\/#organization\"},\"potentialAction\":[{\"@type\":\"SearchAction\",\"target\":{\"@type\":\"EntryPoint\",\"urlTemplate\":\"https:\/\/malotaakademia.com\/?s={search_term_string}\"},\"query-input\":{\"@type\":\"PropertyValueSpecification\",\"valueRequired\":true,\"valueName\":\"search_term_string\"}}],\"inLanguage\":\"en-US\"},{\"@type\":\"Organization\",\"@id\":\"https:\/\/malotaakademia.com\/#organization\",\"name\":\"Malota Akad\u00e9mia\",\"url\":\"https:\/\/malotaakademia.com\/\",\"logo\":{\"@type\":\"ImageObject\",\"inLanguage\":\"en-US\",\"@id\":\"https:\/\/malotaakademia.com\/#\/schema\/logo\/image\/\",\"url\":\"https:\/\/malotaakademia.com\/wp-content\/uploads\/2025\/04\/Kep1final.png\",\"contentUrl\":\"https:\/\/malotaakademia.com\/wp-content\/uploads\/2025\/04\/Kep1final.png\",\"width\":683,\"height\":644,\"caption\":\"Malota Akad\u00e9mia\"},\"image\":{\"@id\":\"https:\/\/malotaakademia.com\/#\/schema\/logo\/image\/\"}}]}<\/script>\n<!-- \/ Yoast SEO plugin. -->","yoast_head_json":{"title":"Aktu\u00e1lis tr\u00e9ningek - Malota Akad\u00e9mia","description":"el\u00e9rhet\u0151 kommunik\u00e1ci\u00f3s tr\u00e9ningek","robots":{"index":"index","follow":"follow","max-snippet":"max-snippet:-1","max-image-preview":"max-image-preview:large","max-video-preview":"max-video-preview:-1"},"canonical":"https:\/\/malotaakademia.com\/en\/aktualis-treningek\/","og_locale":"en_US","og_type":"article","og_title":"Aktu\u00e1lis tr\u00e9ningek - Malota Akad\u00e9mia","og_description":"el\u00e9rhet\u0151 kommunik\u00e1ci\u00f3s tr\u00e9ningek","og_url":"https:\/\/malotaakademia.com\/en\/aktualis-treningek\/","og_site_name":"Malota Akad\u00e9mia","article_modified_time":"2026-03-07T10:25:31+00:00","og_image":[{"width":683,"height":644,"url":"https:\/\/malotaakademia.com\/wp-content\/uploads\/2025\/05\/image0-3-3.png","type":"image\/png"}],"twitter_card":"summary_large_image","twitter_misc":{"Est. reading time":"1 minute"},"schema":{"@context":"https:\/\/schema.org","@graph":[{"@type":"WebPage","@id":"https:\/\/malotaakademia.com\/aktualis-treningek\/","url":"https:\/\/malotaakademia.com\/aktualis-treningek\/","name":"Aktu\u00e1lis tr\u00e9ningek - Malota Akad\u00e9mia","isPartOf":{"@id":"https:\/\/malotaakademia.com\/#website"},"primaryImageOfPage":{"@id":"https:\/\/malotaakademia.com\/aktualis-treningek\/#primaryimage"},"image":{"@id":"https:\/\/malotaakademia.com\/aktualis-treningek\/#primaryimage"},"thumbnailUrl":"https:\/\/malotaakademia.com\/wp-content\/uploads\/2025\/05\/image0-3-3.png","datePublished":"2025-04-27T06:47:22+00:00","dateModified":"2026-03-07T10:25:31+00:00","description":"el\u00e9rhet\u0151 kommunik\u00e1ci\u00f3s tr\u00e9ningek","breadcrumb":{"@id":"https:\/\/malotaakademia.com\/aktualis-treningek\/#breadcrumb"},"inLanguage":"en-US","potentialAction":[{"@type":"ReadAction","target":["https:\/\/malotaakademia.com\/aktualis-treningek\/"]}]},{"@type":"ImageObject","inLanguage":"en-US","@id":"https:\/\/malotaakademia.com\/aktualis-treningek\/#primaryimage","url":"https:\/\/malotaakademia.com\/wp-content\/uploads\/2025\/05\/image0-3-3.png","contentUrl":"https:\/\/malotaakademia.com\/wp-content\/uploads\/2025\/05\/image0-3-3.png"},{"@type":"BreadcrumbList","@id":"https:\/\/malotaakademia.com\/aktualis-treningek\/#breadcrumb","itemListElement":[{"@type":"ListItem","position":1,"name":"Kezd\u0151lap","item":"https:\/\/malotaakademia.com\/"},{"@type":"ListItem","position":2,"name":"Aktu\u00e1lis tr\u00e9ningek"}]},{"@type":"WebSite","@id":"https:\/\/malotaakademia.com\/#website","url":"https:\/\/malotaakademia.com\/","name":"Malota Akad\u00e9mia","description":"Kommunik\u00e1ci\u00f3s \u00e9s interkultur\u00e1lis kompetencia fejleszt\u0151 tr\u00e9ningek","publisher":{"@id":"https:\/\/malotaakademia.com\/#organization"},"potentialAction":[{"@type":"SearchAction","target":{"@type":"EntryPoint","urlTemplate":"https:\/\/malotaakademia.com\/?s={search_term_string}"},"query-input":{"@type":"PropertyValueSpecification","valueRequired":true,"valueName":"search_term_string"}}],"inLanguage":"en-US"},{"@type":"Organization","@id":"https:\/\/malotaakademia.com\/#organization","name":"Malota Akad\u00e9mia","url":"https:\/\/malotaakademia.com\/","logo":{"@type":"ImageObject","inLanguage":"en-US","@id":"https:\/\/malotaakademia.com\/#\/schema\/logo\/image\/","url":"https:\/\/malotaakademia.com\/wp-content\/uploads\/2025\/04\/Kep1final.png","contentUrl":"https:\/\/malotaakademia.com\/wp-content\/uploads\/2025\/04\/Kep1final.png","width":683,"height":644,"caption":"Malota Akad\u00e9mia"},"image":{"@id":"https:\/\/malotaakademia.com\/#\/schema\/logo\/image\/"}}]}},"jetpack_sharing_enabled":true,"_links":{"self":[{"href":"https:\/\/malotaakademia.com\/en\/wp-json\/wp\/v2\/pages\/353","targetHints":{"allow":["GET"]}}],"collection":[{"href":"https:\/\/malotaakademia.com\/en\/wp-json\/wp\/v2\/pages"}],"about":[{"href":"https:\/\/malotaakademia.com\/en\/wp-json\/wp\/v2\/types\/page"}],"author":[{"embeddable":true,"href":"https:\/\/malotaakademia.com\/en\/wp-json\/wp\/v2\/users\/1"}],"replies":[{"embeddable":true,"href":"https:\/\/malotaakademia.com\/en\/wp-json\/wp\/v2\/comments?post=353"}],"version-history":[{"count":46,"href":"https:\/\/malotaakademia.com\/en\/wp-json\/wp\/v2\/pages\/353\/revisions"}],"predecessor-version":[{"id":1657,"href":"https:\/\/malotaakademia.com\/en\/wp-json\/wp\/v2\/pages\/353\/revisions\/1657"}],"wp:attachment":[{"href":"https:\/\/malotaakademia.com\/en\/wp-json\/wp\/v2\/media?parent=353"}],"curies":[{"name":"wp","href":"https:\/\/api.w.org\/{rel}","templated":true}]}}