{"id":341,"date":"2025-04-26T23:22:43","date_gmt":"2025-04-26T21:22:43","guid":{"rendered":"https:\/\/malotaakademia.com\/?page_id=341"},"modified":"2025-09-11T11:44:15","modified_gmt":"2025-09-11T09:44:15","slug":"rolunk","status":"publish","type":"page","link":"https:\/\/malotaakademia.com\/en\/rolunk\/","title":{"rendered":"About us"},"content":{"rendered":"<div class=\"wp-block-columns alignwide is-layout-flex wp-container-core-columns-is-layout-b1b80ead wp-block-columns-is-layout-flex\">\n<div class=\"wp-block-column is-layout-flow wp-block-column-is-layout-flow\" style=\"flex-basis:50%\">\n<figure class=\"wp-block-image size-full is-resized is-style-rounded\"><img loading=\"lazy\" decoding=\"async\" width=\"1280\" height=\"835\" src=\"https:\/\/malotaakademia.com\/wp-content\/uploads\/2025\/02\/CVprofilfotovegleges2024.jpg\" alt=\"\" class=\"wp-image-36\" style=\"width:471px;height:auto\" srcset=\"https:\/\/malotaakademia.com\/wp-content\/uploads\/2025\/02\/CVprofilfotovegleges2024.jpg 1280w, https:\/\/malotaakademia.com\/wp-content\/uploads\/2025\/02\/CVprofilfotovegleges2024-600x391.jpg 600w, https:\/\/malotaakademia.com\/wp-content\/uploads\/2025\/02\/CVprofilfotovegleges2024-300x196.jpg 300w, https:\/\/malotaakademia.com\/wp-content\/uploads\/2025\/02\/CVprofilfotovegleges2024-1024x668.jpg 1024w, https:\/\/malotaakademia.com\/wp-content\/uploads\/2025\/02\/CVprofilfotovegleges2024-768x501.jpg 768w, https:\/\/malotaakademia.com\/wp-content\/uploads\/2025\/02\/CVprofilfotovegleges2024-18x12.jpg 18w\" sizes=\"auto, (max-width: 1280px) 100vw, 1280px\" \/><\/figure>\n<\/div>\n\n\n\n<div class=\"wp-block-column is-vertically-aligned-center is-layout-flow wp-block-column-is-layout-flow\" style=\"flex-basis:50%\">\n<h2 class=\"wp-block-heading has-text-align-center\">Dr. Malota Erzs\u00e9bet, PhD <\/h2>\n\n\n\n<p class=\"has-text-align-center\">Head of Department, Associate professor<\/p>\n\n\n\n<p class=\"has-text-align-center\">Corvinus University of Budapest, Department of Intercultural Marketing and Consumer Behavior, Institute of Marketing and Communication<\/p>\n\n\n<div class=\"wp-block-image\">\n<figure class=\"aligncenter size-full is-resized\"><a href=\"https:\/\/www.uni-corvinus.hu\/elerhetosegek\/malota-erzsebet\/\" target=\"_blank\" rel=\" noreferrer noopener\"><img loading=\"lazy\" decoding=\"async\" width=\"219\" height=\"100\" src=\"https:\/\/malotaakademia.com\/wp-content\/uploads\/2025\/04\/Kepcorvinus-1.png\" alt=\"\" class=\"wp-image-329\" style=\"aspect-ratio:2.1903520208604954;width:162px;height:auto\" srcset=\"https:\/\/malotaakademia.com\/wp-content\/uploads\/2025\/04\/Kepcorvinus-1.png 219w, https:\/\/malotaakademia.com\/wp-content\/uploads\/2025\/04\/Kepcorvinus-1-18x8.png 18w\" sizes=\"auto, (max-width: 219px) 100vw, 219px\" \/><\/a><\/figure><\/div>\n\n\n<ul class=\"wp-block-social-links aligncenter is-style-logos-only is-layout-flex wp-block-social-links-is-layout-flex\"><li class=\"wp-social-link wp-social-link-linkedin  wp-block-social-link\"><a rel=\"noopener nofollow\" target=\"_blank\" href=\"https:\/\/www.linkedin.com\/in\/erzs%C3%A9bet-malota-malota-akad%C3%A9mia-89970b24\/\" class=\"wp-block-social-link-anchor\"><svg width=\"24\" height=\"24\" viewbox=\"0 0 24 24\" version=\"1.1\" xmlns=\"http:\/\/www.w3.org\/2000\/svg\" aria-hidden=\"true\" focusable=\"false\"><path d=\"M19.7,3H4.3C3.582,3,3,3.582,3,4.3v15.4C3,20.418,3.582,21,4.3,21h15.4c0.718,0,1.3-0.582,1.3-1.3V4.3 C21,3.582,20.418,3,19.7,3z M8.339,18.338H5.667v-8.59h2.672V18.338z M7.004,8.574c-0.857,0-1.549-0.694-1.549-1.548 c0-0.855,0.691-1.548,1.549-1.548c0.854,0,1.547,0.694,1.547,1.548C8.551,7.881,7.858,8.574,7.004,8.574z M18.339,18.338h-2.669 v-4.177c0-0.996-0.017-2.278-1.387-2.278c-1.389,0-1.601,1.086-1.601,2.206v4.249h-2.667v-8.59h2.559v1.174h0.037 c0.356-0.675,1.227-1.387,2.526-1.387c2.703,0,3.203,1.779,3.203,4.092V18.338z\"><\/path><\/svg><span class=\"wp-block-social-link-label screen-reader-text\">LinkedIn<\/span><\/a><\/li><\/ul>\n<\/div>\n<\/div>\n\n\n\n<div class=\"wp-block-group alignwide\"><div class=\"wp-block-group__inner-container is-layout-constrained wp-block-group-is-layout-constrained\">\n<h2 class=\"wp-block-heading has-text-align-center is-style-asterisk\">Expertise<\/h2>\n\n\n\n<div class=\"wp-block-group is-vertical is-content-justification-center is-layout-flex wp-container-core-group-is-layout-a170cc76 wp-block-group-is-layout-flex\">\n<p class=\"has-text-align-center\">25+ years of experiece in teaching, training, research and publication, in higher education and corporate environments, Hungarian and international.<\/p>\n\n\n\n<p class=\"has-text-align-center\">International professional and intercultural expertise gained in 19 countries at 24 universities.<\/p>\n\n\n\n<p class=\"has-text-align-center\">Author of 33 books\/book excerpts, 149 scientific articles and conference papers.<\/p>\n\n\n\n<p><\/p>\n\n\n\n<p class=\"has-text-align-center\">Winner of numerous awards: Corvinus University of Budapest \u2018Professor of the Year\u2019 award, \u2018Spotlight on Teaching, innovative interactive training\u2019 award, Hungarian Academy of Sciences J\u00e1nos Bolyai Scholarship, Hungarian Academy of Sciences Excellence Award, \u2018Corvinus Research Excellence\u2019 award, Burgundy School of Business \u2018Excellence in Pedagogy\u2019, CEMS \u2018Excellent Teacher\u2019 award, TEMPUS Public Foundation  \u2018For the international development of higher education, intercultural awareness\u2019 award.<\/p>\n\n\n\n<p class=\"has-text-align-center\"><\/p>\n\n\n\n<p class=\"has-text-align-center\">Exciting, creative, own experience-based Hungarian and English language communication workshops and trainings for effective communication, cultural awareness and cultural sensitivity development.<\/p>\n\n\n\n<p class=\"has-text-align-center\">Whether you want to improve your communication skills individually or in a multicultural team, or expand your knowledge of intercultural relations, we provide the guidance and insight necessary for personal self-improvement and professional development in a flexible manner, after a detailed needs assessment.<\/p>\n\n\n\n<div style=\"height:30px\" aria-hidden=\"true\" class=\"wp-block-spacer wp-container-content-cf2db169\"><\/div>\n<\/div>\n\n\n\n<div class=\"wp-block-group alignwide\"><div class=\"wp-block-group__inner-container is-layout-constrained wp-block-group-is-layout-constrained\">\n<div class=\"wp-block-buttons alignfull is-content-justification-center is-layout-flex wp-container-core-buttons-is-layout-16018d1d wp-block-buttons-is-layout-flex\">\n<div class=\"wp-block-button\"><a class=\"wp-block-button__link has-background has-small-font-size has-text-align-center has-custom-font-size wp-element-button\" href=\"https:\/\/malotaakademia.com\/en\/nemzetkozi-tapasztalatok\/\" style=\"background-color:#33a7a4\" target=\"_blank\" rel=\"noreferrer noopener\">international experiences<\/a><\/div>\n\n\n\n<div class=\"wp-block-button\"><a class=\"wp-block-button__link has-background has-small-font-size has-custom-font-size wp-element-button\" href=\"https:\/\/malotaakademia.com\/en\/referenciak\/\" style=\"background-color:#33a7a4\" target=\"_blank\" rel=\"noreferrer noopener\">references<\/a><\/div>\n\n\n\n<div class=\"wp-block-button\"><a class=\"wp-block-button__link has-background has-small-font-size has-custom-font-size wp-element-button\" href=\"https:\/\/malotaakademia.com\/en\/olvasasra-ajanljuk\/\" style=\"background-color:#33a7a4\" target=\"_blank\" rel=\"noreferrer noopener\">recommended reading<\/a><\/div>\n<\/div>\n<\/div><\/div>\n<\/div><\/div>","protected":false},"excerpt":{"rendered":"<p>Dr. Malota Erzs\u00e9bet tansz\u00e9kvezet\u0151, egyetemi docens Budapesti Corvinus Egyetem, Interkultur\u00e1lis Marketing \u00e9s Fogyaszt\u00f3i Magatart\u00e1s Tansz\u00e9k, Marketing \u00e9s Kommunik\u00e1ci\u00f3 Int\u00e9zet Szak\u00e9rtelem 25+ \u00e9ves oktat\u00e1si-, tr\u00e9ner- \u00e9s kutat\u00e1si tapasztalat egyetemi \u00e9s v\u00e1llalati k\u00f6rnyezetben. 19 orsz\u00e1gban, 24 egyetemen szerzett nemzetk\u00f6zi szakmai \u00e9s interkultur\u00e1lis j\u00e1rtass\u00e1g. 33 k\u00f6nyv\/k\u00f6nyvr\u00e9szlet, 149 tudom\u00e1nyos cikk \u00e9s konferenciak\u00f6zlem\u00e9ny szerz\u0151je, a Vezet\u00e9studom\u00e1ny foly\u00f3irat szerkeszt\u0151je. Sz\u00e1mos d\u00edj <a class=\"read-more\" href=\"https:\/\/malotaakademia.com\/en\/rolunk\/\">READ MORE<\/a><\/p>","protected":false},"author":1,"featured_media":0,"parent":0,"menu_order":0,"comment_status":"closed","ping_status":"closed","template":"","meta":{"footnotes":""},"class_list":["post-341","page","type-page","status-publish","hentry"],"yoast_head":"<!-- This site is optimized with the Yoast SEO plugin v25.1 - https:\/\/yoast.com\/wordpress\/plugins\/seo\/ -->\n<title>R\u00f3lunk - Malota Akad\u00e9mia<\/title>\n<meta name=\"robots\" content=\"index, follow, max-snippet:-1, max-image-preview:large, max-video-preview:-1\" \/>\n<link rel=\"canonical\" href=\"https:\/\/malotaakademia.com\/en\/rolunk\/\" \/>\n<meta property=\"og:locale\" content=\"en_US\" \/>\n<meta property=\"og:type\" content=\"article\" \/>\n<meta property=\"og:title\" content=\"R\u00f3lunk - Malota Akad\u00e9mia\" \/>\n<meta property=\"og:description\" content=\"Dr. Malota Erzs\u00e9bet tansz\u00e9kvezet\u0151, egyetemi docens Budapesti Corvinus Egyetem, Interkultur\u00e1lis Marketing \u00e9s Fogyaszt\u00f3i Magatart\u00e1s Tansz\u00e9k, Marketing \u00e9s Kommunik\u00e1ci\u00f3 Int\u00e9zet Szak\u00e9rtelem 25+ \u00e9ves oktat\u00e1si-, tr\u00e9ner- \u00e9s kutat\u00e1si tapasztalat egyetemi \u00e9s v\u00e1llalati k\u00f6rnyezetben. 19 orsz\u00e1gban, 24 egyetemen szerzett nemzetk\u00f6zi szakmai \u00e9s interkultur\u00e1lis j\u00e1rtass\u00e1g. 33 k\u00f6nyv\/k\u00f6nyvr\u00e9szlet, 149 tudom\u00e1nyos cikk \u00e9s konferenciak\u00f6zlem\u00e9ny szerz\u0151je, a Vezet\u00e9studom\u00e1ny foly\u00f3irat szerkeszt\u0151je. Sz\u00e1mos d\u00edj READ MORE\" \/>\n<meta property=\"og:url\" content=\"https:\/\/malotaakademia.com\/en\/rolunk\/\" \/>\n<meta property=\"og:site_name\" content=\"Malota Akad\u00e9mia\" \/>\n<meta property=\"article:modified_time\" content=\"2025-09-11T09:44:15+00:00\" \/>\n<meta property=\"og:image\" content=\"https:\/\/malotaakademia.com\/wp-content\/uploads\/2025\/02\/CVprofilfotovegleges2024.jpg\" \/>\n\t<meta property=\"og:image:width\" content=\"1280\" \/>\n\t<meta property=\"og:image:height\" content=\"835\" \/>\n\t<meta property=\"og:image:type\" content=\"image\/jpeg\" \/>\n<meta name=\"twitter:card\" content=\"summary_large_image\" \/>\n<meta name=\"twitter:label1\" content=\"Est. reading time\" \/>\n\t<meta name=\"twitter:data1\" content=\"2 minutes\" \/>\n<script type=\"application\/ld+json\" class=\"yoast-schema-graph\">{\"@context\":\"https:\/\/schema.org\",\"@graph\":[{\"@type\":\"WebPage\",\"@id\":\"https:\/\/malotaakademia.com\/rolunk\/\",\"url\":\"https:\/\/malotaakademia.com\/rolunk\/\",\"name\":\"R\u00f3lunk - Malota Akad\u00e9mia\",\"isPartOf\":{\"@id\":\"https:\/\/malotaakademia.com\/#website\"},\"primaryImageOfPage\":{\"@id\":\"https:\/\/malotaakademia.com\/rolunk\/#primaryimage\"},\"image\":{\"@id\":\"https:\/\/malotaakademia.com\/rolunk\/#primaryimage\"},\"thumbnailUrl\":\"https:\/\/malotaakademia.com\/wp-content\/uploads\/2025\/02\/CVprofilfotovegleges2024.jpg\",\"datePublished\":\"2025-04-26T21:22:43+00:00\",\"dateModified\":\"2025-09-11T09:44:15+00:00\",\"breadcrumb\":{\"@id\":\"https:\/\/malotaakademia.com\/rolunk\/#breadcrumb\"},\"inLanguage\":\"en-US\",\"potentialAction\":[{\"@type\":\"ReadAction\",\"target\":[\"https:\/\/malotaakademia.com\/rolunk\/\"]}]},{\"@type\":\"ImageObject\",\"inLanguage\":\"en-US\",\"@id\":\"https:\/\/malotaakademia.com\/rolunk\/#primaryimage\",\"url\":\"https:\/\/malotaakademia.com\/wp-content\/uploads\/2025\/02\/CVprofilfotovegleges2024.jpg\",\"contentUrl\":\"https:\/\/malotaakademia.com\/wp-content\/uploads\/2025\/02\/CVprofilfotovegleges2024.jpg\"},{\"@type\":\"BreadcrumbList\",\"@id\":\"https:\/\/malotaakademia.com\/rolunk\/#breadcrumb\",\"itemListElement\":[{\"@type\":\"ListItem\",\"position\":1,\"name\":\"Kezd\u0151lap\",\"item\":\"https:\/\/malotaakademia.com\/\"},{\"@type\":\"ListItem\",\"position\":2,\"name\":\"R\u00f3lunk\"}]},{\"@type\":\"WebSite\",\"@id\":\"https:\/\/malotaakademia.com\/#website\",\"url\":\"https:\/\/malotaakademia.com\/\",\"name\":\"Malota Akad\u00e9mia\",\"description\":\"Kommunik\u00e1ci\u00f3s \u00e9s interkultur\u00e1lis kompetencia fejleszt\u0151 tr\u00e9ningek\",\"publisher\":{\"@id\":\"https:\/\/malotaakademia.com\/#organization\"},\"potentialAction\":[{\"@type\":\"SearchAction\",\"target\":{\"@type\":\"EntryPoint\",\"urlTemplate\":\"https:\/\/malotaakademia.com\/?s={search_term_string}\"},\"query-input\":{\"@type\":\"PropertyValueSpecification\",\"valueRequired\":true,\"valueName\":\"search_term_string\"}}],\"inLanguage\":\"en-US\"},{\"@type\":\"Organization\",\"@id\":\"https:\/\/malotaakademia.com\/#organization\",\"name\":\"Malota Akad\u00e9mia\",\"url\":\"https:\/\/malotaakademia.com\/\",\"logo\":{\"@type\":\"ImageObject\",\"inLanguage\":\"en-US\",\"@id\":\"https:\/\/malotaakademia.com\/#\/schema\/logo\/image\/\",\"url\":\"https:\/\/malotaakademia.com\/wp-content\/uploads\/2025\/04\/Kep1final.png\",\"contentUrl\":\"https:\/\/malotaakademia.com\/wp-content\/uploads\/2025\/04\/Kep1final.png\",\"width\":683,\"height\":644,\"caption\":\"Malota Akad\u00e9mia\"},\"image\":{\"@id\":\"https:\/\/malotaakademia.com\/#\/schema\/logo\/image\/\"}}]}<\/script>\n<!-- \/ Yoast SEO plugin. -->","yoast_head_json":{"title":"R\u00f3lunk - Malota Akad\u00e9mia","robots":{"index":"index","follow":"follow","max-snippet":"max-snippet:-1","max-image-preview":"max-image-preview:large","max-video-preview":"max-video-preview:-1"},"canonical":"https:\/\/malotaakademia.com\/en\/rolunk\/","og_locale":"en_US","og_type":"article","og_title":"R\u00f3lunk - Malota Akad\u00e9mia","og_description":"Dr. Malota Erzs\u00e9bet tansz\u00e9kvezet\u0151, egyetemi docens Budapesti Corvinus Egyetem, Interkultur\u00e1lis Marketing \u00e9s Fogyaszt\u00f3i Magatart\u00e1s Tansz\u00e9k, Marketing \u00e9s Kommunik\u00e1ci\u00f3 Int\u00e9zet Szak\u00e9rtelem 25+ \u00e9ves oktat\u00e1si-, tr\u00e9ner- \u00e9s kutat\u00e1si tapasztalat egyetemi \u00e9s v\u00e1llalati k\u00f6rnyezetben. 19 orsz\u00e1gban, 24 egyetemen szerzett nemzetk\u00f6zi szakmai \u00e9s interkultur\u00e1lis j\u00e1rtass\u00e1g. 33 k\u00f6nyv\/k\u00f6nyvr\u00e9szlet, 149 tudom\u00e1nyos cikk \u00e9s konferenciak\u00f6zlem\u00e9ny szerz\u0151je, a Vezet\u00e9studom\u00e1ny foly\u00f3irat szerkeszt\u0151je. Sz\u00e1mos d\u00edj READ MORE","og_url":"https:\/\/malotaakademia.com\/en\/rolunk\/","og_site_name":"Malota Akad\u00e9mia","article_modified_time":"2025-09-11T09:44:15+00:00","og_image":[{"width":1280,"height":835,"url":"https:\/\/malotaakademia.com\/wp-content\/uploads\/2025\/02\/CVprofilfotovegleges2024.jpg","type":"image\/jpeg"}],"twitter_card":"summary_large_image","twitter_misc":{"Est. reading time":"2 minutes"},"schema":{"@context":"https:\/\/schema.org","@graph":[{"@type":"WebPage","@id":"https:\/\/malotaakademia.com\/rolunk\/","url":"https:\/\/malotaakademia.com\/rolunk\/","name":"R\u00f3lunk - Malota Akad\u00e9mia","isPartOf":{"@id":"https:\/\/malotaakademia.com\/#website"},"primaryImageOfPage":{"@id":"https:\/\/malotaakademia.com\/rolunk\/#primaryimage"},"image":{"@id":"https:\/\/malotaakademia.com\/rolunk\/#primaryimage"},"thumbnailUrl":"https:\/\/malotaakademia.com\/wp-content\/uploads\/2025\/02\/CVprofilfotovegleges2024.jpg","datePublished":"2025-04-26T21:22:43+00:00","dateModified":"2025-09-11T09:44:15+00:00","breadcrumb":{"@id":"https:\/\/malotaakademia.com\/rolunk\/#breadcrumb"},"inLanguage":"en-US","potentialAction":[{"@type":"ReadAction","target":["https:\/\/malotaakademia.com\/rolunk\/"]}]},{"@type":"ImageObject","inLanguage":"en-US","@id":"https:\/\/malotaakademia.com\/rolunk\/#primaryimage","url":"https:\/\/malotaakademia.com\/wp-content\/uploads\/2025\/02\/CVprofilfotovegleges2024.jpg","contentUrl":"https:\/\/malotaakademia.com\/wp-content\/uploads\/2025\/02\/CVprofilfotovegleges2024.jpg"},{"@type":"BreadcrumbList","@id":"https:\/\/malotaakademia.com\/rolunk\/#breadcrumb","itemListElement":[{"@type":"ListItem","position":1,"name":"Kezd\u0151lap","item":"https:\/\/malotaakademia.com\/"},{"@type":"ListItem","position":2,"name":"R\u00f3lunk"}]},{"@type":"WebSite","@id":"https:\/\/malotaakademia.com\/#website","url":"https:\/\/malotaakademia.com\/","name":"Malota Akad\u00e9mia","description":"Kommunik\u00e1ci\u00f3s \u00e9s interkultur\u00e1lis kompetencia fejleszt\u0151 tr\u00e9ningek","publisher":{"@id":"https:\/\/malotaakademia.com\/#organization"},"potentialAction":[{"@type":"SearchAction","target":{"@type":"EntryPoint","urlTemplate":"https:\/\/malotaakademia.com\/?s={search_term_string}"},"query-input":{"@type":"PropertyValueSpecification","valueRequired":true,"valueName":"search_term_string"}}],"inLanguage":"en-US"},{"@type":"Organization","@id":"https:\/\/malotaakademia.com\/#organization","name":"Malota Akad\u00e9mia","url":"https:\/\/malotaakademia.com\/","logo":{"@type":"ImageObject","inLanguage":"en-US","@id":"https:\/\/malotaakademia.com\/#\/schema\/logo\/image\/","url":"https:\/\/malotaakademia.com\/wp-content\/uploads\/2025\/04\/Kep1final.png","contentUrl":"https:\/\/malotaakademia.com\/wp-content\/uploads\/2025\/04\/Kep1final.png","width":683,"height":644,"caption":"Malota Akad\u00e9mia"},"image":{"@id":"https:\/\/malotaakademia.com\/#\/schema\/logo\/image\/"}}]}},"jetpack_sharing_enabled":true,"_links":{"self":[{"href":"https:\/\/malotaakademia.com\/en\/wp-json\/wp\/v2\/pages\/341","targetHints":{"allow":["GET"]}}],"collection":[{"href":"https:\/\/malotaakademia.com\/en\/wp-json\/wp\/v2\/pages"}],"about":[{"href":"https:\/\/malotaakademia.com\/en\/wp-json\/wp\/v2\/types\/page"}],"author":[{"embeddable":true,"href":"https:\/\/malotaakademia.com\/en\/wp-json\/wp\/v2\/users\/1"}],"replies":[{"embeddable":true,"href":"https:\/\/malotaakademia.com\/en\/wp-json\/wp\/v2\/comments?post=341"}],"version-history":[{"count":29,"href":"https:\/\/malotaakademia.com\/en\/wp-json\/wp\/v2\/pages\/341\/revisions"}],"predecessor-version":[{"id":1263,"href":"https:\/\/malotaakademia.com\/en\/wp-json\/wp\/v2\/pages\/341\/revisions\/1263"}],"wp:attachment":[{"href":"https:\/\/malotaakademia.com\/en\/wp-json\/wp\/v2\/media?parent=341"}],"curies":[{"name":"wp","href":"https:\/\/api.w.org\/{rel}","templated":true}]}}