{"id":335,"date":"2025-04-26T23:20:18","date_gmt":"2025-04-26T21:20:18","guid":{"rendered":"https:\/\/malotaakademia.com\/?page_id=335"},"modified":"2025-09-11T11:44:13","modified_gmt":"2025-09-11T09:44:13","slug":"egyeni-kommunikacios-treningek","status":"publish","type":"page","link":"https:\/\/malotaakademia.com\/en\/egyeni-kommunikacios-treningek\/","title":{"rendered":"Communication trainings for individuals"},"content":{"rendered":"<h3 class=\"wp-block-heading\">All trainings are personalized after needs assessment<\/h3>\n\n\n\n<div class=\"wp-block-media-text is-stacked-on-mobile\" style=\"grid-template-columns:41% auto\"><figure class=\"wp-block-media-text__media\"><img loading=\"lazy\" decoding=\"async\" width=\"953\" height=\"543\" src=\"https:\/\/malotaakademia.com\/wp-content\/uploads\/2025\/05\/1000_F_1384164202_GBYuqYaDSz05WNr5MQTGfPUax1ahufcz.jpg\" alt=\"\" class=\"wp-image-623 size-full\" srcset=\"https:\/\/malotaakademia.com\/wp-content\/uploads\/2025\/05\/1000_F_1384164202_GBYuqYaDSz05WNr5MQTGfPUax1ahufcz.jpg 953w, https:\/\/malotaakademia.com\/wp-content\/uploads\/2025\/05\/1000_F_1384164202_GBYuqYaDSz05WNr5MQTGfPUax1ahufcz-600x342.jpg 600w, https:\/\/malotaakademia.com\/wp-content\/uploads\/2025\/05\/1000_F_1384164202_GBYuqYaDSz05WNr5MQTGfPUax1ahufcz-300x171.jpg 300w, https:\/\/malotaakademia.com\/wp-content\/uploads\/2025\/05\/1000_F_1384164202_GBYuqYaDSz05WNr5MQTGfPUax1ahufcz-768x438.jpg 768w, https:\/\/malotaakademia.com\/wp-content\/uploads\/2025\/05\/1000_F_1384164202_GBYuqYaDSz05WNr5MQTGfPUax1ahufcz-18x10.jpg 18w\" sizes=\"auto, (max-width: 953px) 100vw, 953px\" \/><\/figure><div class=\"wp-block-media-text__content\">\n<p><\/p>\n\n\n\n<h2 class=\"wp-block-heading\"><strong>Communication. Culture. Competence.<\/strong><\/h2>\n<\/div><\/div>\n\n\n\n<div class=\"wp-block-columns is-layout-flex wp-container-core-columns-is-layout-9d6595d7 wp-block-columns-is-layout-flex\">\n<div class=\"wp-block-column is-layout-flow wp-block-column-is-layout-flow\" style=\"flex-basis:100%\">\n<div class=\"wp-block-columns is-layout-flex wp-container-core-columns-is-layout-9d6595d7 wp-block-columns-is-layout-flex\">\n<div class=\"wp-block-column is-layout-flow wp-block-column-is-layout-flow\" style=\"flex-basis:100%\">\n<div class=\"wp-block-group\"><div class=\"wp-block-group__inner-container is-layout-constrained wp-block-group-is-layout-constrained\">\n<div class=\"wp-block-group alignfull has-base-2-background-color has-background\" style=\"margin-top:0;margin-bottom:0;padding-top:var(--wp--preset--spacing--50);padding-right:var(--wp--preset--spacing--50);padding-bottom:var(--wp--preset--spacing--50);padding-left:var(--wp--preset--spacing--50)\"><div class=\"wp-block-group__inner-container is-layout-constrained wp-container-core-group-is-layout-2bafd31c wp-block-group-is-layout-constrained\">\n<div class=\"wp-block-columns alignwide is-layout-flex wp-container-core-columns-is-layout-2aabe216 wp-block-columns-is-layout-flex\">\n<div class=\"wp-block-column is-layout-flow wp-block-column-is-layout-flow\">\n<p><\/p>\n\n\n\n<h2 class=\"wp-block-heading is-style-asterisk has-body-font-family\" style=\"font-size:18px;font-style:normal;font-weight:600;letter-spacing:px\">conflict management problem solving<\/h2>\n\n\n\n<p><\/p>\n\n\n\n<p class=\"has-text-align-left\">We teach participants how to recognize conflicts early and how to handle them constructively and assertively \u2013 whether in work or personal situations.<\/p>\n<\/div>\n\n\n\n<div class=\"wp-block-column is-layout-flow wp-block-column-is-layout-flow\">\n<p><\/p>\n\n\n\n<h3 class=\"wp-block-heading has-text-align-left is-style-asterisk has-body-font-family has-medium-font-size\" style=\"font-style:normal;font-weight:600\">intercultural communication<\/h3>\n\n\n\n<p><\/p>\n\n\n\n<p class=\"has-text-align-left\">This training helps you understand the communication characteristics of different cultures and develops cultural sensitivity, which is essential for those working in an international environment.<\/p>\n<\/div>\n\n\n\n<div class=\"wp-block-column is-layout-flow wp-block-column-is-layout-flow\">\n<p><\/p>\n\n\n\n<h3 class=\"wp-block-heading has-text-align-left is-style-asterisk has-body-font-family has-medium-font-size\" style=\"font-style:normal;font-weight:600\">assertive communication<\/h3>\n\n\n\n<p><\/p>\n\n\n\n<p class=\"has-text-align-left\">Participants learn how to express themselves honestly and assertively without hurting others \u2013 thereby improving self-assertion and the quality of relationships.<\/p>\n<\/div>\n<\/div>\n\n\n\n<div style=\"height:var(--wp--preset--spacing--20)\" aria-hidden=\"true\" class=\"wp-block-spacer\"><\/div>\n\n\n\n<div class=\"wp-block-columns alignwide is-layout-flex wp-container-core-columns-is-layout-2aabe216 wp-block-columns-is-layout-flex\">\n<div class=\"wp-block-column is-layout-flow wp-block-column-is-layout-flow\">\n<h3 class=\"wp-block-heading has-text-align-left is-style-asterisk has-body-font-family has-medium-font-size\" style=\"font-style:normal;font-weight:600\">individual consultations, communication development<\/h3>\n\n\n\n<p class=\"has-text-align-left\">Stuck on communication or conflict management? There is an opportunity for development through personalized, solution-focused consultations. <\/p>\n<\/div>\n\n\n\n<div class=\"wp-block-column is-layout-flow wp-block-column-is-layout-flow\">\n<h3 class=\"wp-block-heading has-text-align-left is-style-asterisk has-body-font-family has-medium-font-size\" style=\"font-style:normal;font-weight:600\">preparation for staying abroad<\/h3>\n\n\n\n<p class=\"has-text-align-left\">Whether we move to a foreign culture for work or personal reasons, it is worth preparing in advance and developing our intercultural competencies to deal with possible culture shock.<\/p>\n<\/div>\n\n\n\n<div class=\"wp-block-column is-layout-flow wp-block-column-is-layout-flow\">\n<h3 class=\"wp-block-heading has-text-align-left is-style-asterisk has-body-font-family has-medium-font-size\" style=\"font-style:normal;font-weight:600\">presentation techniques<\/h3>\n\n\n\n<p class=\"has-text-align-left\">Practical training that develops presentation skills, confidence, and persuasive communication \u2013 both online and in front of a live audience.<\/p>\n<\/div>\n<\/div>\n\n\n\n<div style=\"height:20px\" aria-hidden=\"true\" class=\"wp-block-spacer\"><\/div>\n\n\n\n<div class=\"wp-block-columns alignwide is-layout-flex wp-container-core-columns-is-layout-2aabe216 wp-block-columns-is-layout-flex\">\n<div class=\"wp-block-column is-layout-flow wp-block-column-is-layout-flow\">\n<h3 class=\"wp-block-heading has-text-align-left is-style-asterisk has-body-font-family has-medium-font-size\" style=\"font-style:normal;font-weight:600\">empathic communication and the attention<\/h3>\n\n\n\n<p class=\"has-text-align-left\">During the training, participants develop active listening, emotion management, and empathetic connection, which are essential for building trust.<\/p>\n<\/div>\n\n\n\n<div class=\"wp-block-column is-layout-flow wp-block-column-is-layout-flow\">\n<h3 class=\"wp-block-heading has-text-align-left is-style-asterisk has-body-font-family has-medium-font-size\" style=\"font-style:normal;font-weight:600\">business communication individual entrepreneurs<\/h3>\n\n\n\n<p class=\"has-text-align-left\">This training will help you communicate confidently and professionally with clients, partners, and subcontractors, so that in addition to your professional knowledge, your communication is also competitive.<\/p>\n<\/div>\n\n\n\n<div class=\"wp-block-column is-layout-flow wp-block-column-is-layout-flow\">\n<h3 class=\"wp-block-heading has-text-align-left is-style-asterisk has-body-font-family has-medium-font-size\" style=\"font-style:normal;font-weight:600\">soft skill development<\/h3>\n\n\n\n<p class=\"has-text-align-left\">Success depends not only on professional knowledge, but also on how we communicate, collaborate with others, manage stress and make decisions. The goal of soft skills training is to develop self-awareness, emotional intelligence, collaboration and problem solving - in a practical, experiential form.<\/p>\n<\/div>\n<\/div>\n\n\n\n<div style=\"height:7px\" aria-hidden=\"true\" class=\"wp-block-spacer\"><\/div>\n\n\n\n<p class=\"has-text-align-center\">Minden k\u00e9pz\u00e9s\u00fcnk eset\u00e9ben az aktu\u00e1lis feln\u0151ttk\u00e9pz\u00e9si t\u00f6rv\u00e9ny szerinti tan\u00fas\u00edtv\u00e1nyt \u00e1ll\u00edtunk ki a k\u00e9pz\u00e9s elv\u00e9gz\u00e9s\u00e9r\u0151l.<\/p>\n\n\n\n<div style=\"height:52px\" aria-hidden=\"true\" class=\"wp-block-spacer\"><\/div>\n\n\n\n<div class=\"wp-block-columns alignwide is-layout-flex wp-container-core-columns-is-layout-9d6595d7 wp-block-columns-is-layout-flex\">\n<div class=\"wp-block-column is-layout-flow wp-block-column-is-layout-flow\">\n<div class=\"wp-block-buttons is-content-justification-space-between is-layout-flex wp-container-core-buttons-is-layout-3d213aab wp-block-buttons-is-layout-flex\">\n<div class=\"wp-block-button\"><a class=\"wp-block-button__link has-background wp-element-button\" href=\"https:\/\/malotaakademia.com\/en\/kapcsolat\/\" style=\"background-color:#33a7a4\" target=\"_blank\" rel=\"noreferrer noopener\">I have a question<\/a><\/div>\n\n\n\n<div class=\"wp-block-button\"><a class=\"wp-block-button__link has-background wp-element-button\" href=\"https:\/\/malotaakademia.com\/en\/kapcsolat\/\" style=\"background-color:#33a7a4\" target=\"_blank\" rel=\"noreferrer noopener\">request a quote<\/a><\/div>\n<\/div>\n<\/div>\n<\/div>\n\n\n\n<div style=\"height:36px\" aria-hidden=\"true\" class=\"wp-block-spacer\"><\/div>\n\n\n\n<h2 class=\"wp-block-heading\">COMING SOON...<\/h2>\n\n\n\n<div class=\"wp-block-media-text is-stacked-on-mobile\" style=\"grid-template-columns:18% auto\"><figure class=\"wp-block-media-text__media\"><img loading=\"lazy\" decoding=\"async\" width=\"767\" height=\"1024\" src=\"https:\/\/malotaakademia.com\/wp-content\/uploads\/2025\/04\/kutyasprofilkep-1-767x1024.jpg\" alt=\"\" class=\"wp-image-490 size-full\" srcset=\"https:\/\/malotaakademia.com\/wp-content\/uploads\/2025\/04\/kutyasprofilkep-1-767x1024.jpg 767w, https:\/\/malotaakademia.com\/wp-content\/uploads\/2025\/04\/kutyasprofilkep-1-600x801.jpg 600w, https:\/\/malotaakademia.com\/wp-content\/uploads\/2025\/04\/kutyasprofilkep-1-225x300.jpg 225w, https:\/\/malotaakademia.com\/wp-content\/uploads\/2025\/04\/kutyasprofilkep-1-768x1025.jpg 768w, https:\/\/malotaakademia.com\/wp-content\/uploads\/2025\/04\/kutyasprofilkep-1-9x12.jpg 9w, https:\/\/malotaakademia.com\/wp-content\/uploads\/2025\/04\/kutyasprofilkep-1.jpg 1080w\" sizes=\"auto, (max-width: 767px) 100vw, 767px\" \/><\/figure><div class=\"wp-block-media-text__content\">\n<p><\/p>\n\n\n\n<h4 class=\"wp-block-heading\">Animal \u2013 assisted training with Polli, the golden retriever..<\/h4>\n\n\n\n<p>For now, only applied in individual trainings, we are learning the group training methodology <\/p>\n<\/div><\/div>\n<\/div><\/div>\n<\/div><\/div>\n<\/div>\n<\/div>\n<\/div>\n<\/div>\n\n\n\n<p><\/p>","protected":false},"excerpt":{"rendered":"<p>Minden tr\u00e9ning\u00fcnk ig\u00e9nyfelm\u00e9r\u00e9s ut\u00e1n szem\u00e9lyre szabott Kommunik\u00e1ci\u00f3. Kult\u00fara. Kompetencia.<\/p>","protected":false},"author":1,"featured_media":0,"parent":0,"menu_order":0,"comment_status":"closed","ping_status":"closed","template":"","meta":{"footnotes":""},"class_list":["post-335","page","type-page","status-publish","hentry"],"yoast_head":"<!-- This site is optimized with the Yoast SEO plugin v25.1 - https:\/\/yoast.com\/wordpress\/plugins\/seo\/ -->\n<title>Egy\u00e9ni kommunik\u00e1ci\u00f3s tr\u00e9ningek - Malota Akad\u00e9mia<\/title>\n<meta name=\"robots\" content=\"index, follow, max-snippet:-1, max-image-preview:large, max-video-preview:-1\" \/>\n<link rel=\"canonical\" href=\"https:\/\/malotaakademia.com\/en\/egyeni-kommunikacios-treningek\/\" \/>\n<meta property=\"og:locale\" content=\"en_US\" \/>\n<meta property=\"og:type\" content=\"article\" \/>\n<meta property=\"og:title\" content=\"Egy\u00e9ni kommunik\u00e1ci\u00f3s tr\u00e9ningek - Malota Akad\u00e9mia\" \/>\n<meta property=\"og:description\" content=\"Minden tr\u00e9ning\u00fcnk ig\u00e9nyfelm\u00e9r\u00e9s ut\u00e1n szem\u00e9lyre szabott Kommunik\u00e1ci\u00f3. Kult\u00fara. Kompetencia.\" \/>\n<meta property=\"og:url\" content=\"https:\/\/malotaakademia.com\/en\/egyeni-kommunikacios-treningek\/\" \/>\n<meta property=\"og:site_name\" content=\"Malota Akad\u00e9mia\" \/>\n<meta property=\"article:modified_time\" content=\"2025-09-11T09:44:13+00:00\" \/>\n<meta property=\"og:image\" content=\"https:\/\/malotaakademia.com\/wp-content\/uploads\/2025\/05\/1000_F_1384164202_GBYuqYaDSz05WNr5MQTGfPUax1ahufcz.jpg\" \/>\n\t<meta property=\"og:image:width\" content=\"953\" \/>\n\t<meta property=\"og:image:height\" content=\"543\" \/>\n\t<meta property=\"og:image:type\" content=\"image\/jpeg\" \/>\n<meta name=\"twitter:card\" content=\"summary_large_image\" \/>\n<meta name=\"twitter:label1\" content=\"Est. reading time\" \/>\n\t<meta name=\"twitter:data1\" content=\"2 minutes\" \/>\n<script type=\"application\/ld+json\" class=\"yoast-schema-graph\">{\"@context\":\"https:\/\/schema.org\",\"@graph\":[{\"@type\":\"WebPage\",\"@id\":\"https:\/\/malotaakademia.com\/egyeni-kommunikacios-treningek\/\",\"url\":\"https:\/\/malotaakademia.com\/egyeni-kommunikacios-treningek\/\",\"name\":\"Egy\u00e9ni kommunik\u00e1ci\u00f3s tr\u00e9ningek - Malota Akad\u00e9mia\",\"isPartOf\":{\"@id\":\"https:\/\/malotaakademia.com\/#website\"},\"primaryImageOfPage\":{\"@id\":\"https:\/\/malotaakademia.com\/egyeni-kommunikacios-treningek\/#primaryimage\"},\"image\":{\"@id\":\"https:\/\/malotaakademia.com\/egyeni-kommunikacios-treningek\/#primaryimage\"},\"thumbnailUrl\":\"https:\/\/malotaakademia.com\/wp-content\/uploads\/2025\/05\/1000_F_1384164202_GBYuqYaDSz05WNr5MQTGfPUax1ahufcz.jpg\",\"datePublished\":\"2025-04-26T21:20:18+00:00\",\"dateModified\":\"2025-09-11T09:44:13+00:00\",\"breadcrumb\":{\"@id\":\"https:\/\/malotaakademia.com\/egyeni-kommunikacios-treningek\/#breadcrumb\"},\"inLanguage\":\"en-US\",\"potentialAction\":[{\"@type\":\"ReadAction\",\"target\":[\"https:\/\/malotaakademia.com\/egyeni-kommunikacios-treningek\/\"]}]},{\"@type\":\"ImageObject\",\"inLanguage\":\"en-US\",\"@id\":\"https:\/\/malotaakademia.com\/egyeni-kommunikacios-treningek\/#primaryimage\",\"url\":\"https:\/\/malotaakademia.com\/wp-content\/uploads\/2025\/05\/1000_F_1384164202_GBYuqYaDSz05WNr5MQTGfPUax1ahufcz.jpg\",\"contentUrl\":\"https:\/\/malotaakademia.com\/wp-content\/uploads\/2025\/05\/1000_F_1384164202_GBYuqYaDSz05WNr5MQTGfPUax1ahufcz.jpg\"},{\"@type\":\"BreadcrumbList\",\"@id\":\"https:\/\/malotaakademia.com\/egyeni-kommunikacios-treningek\/#breadcrumb\",\"itemListElement\":[{\"@type\":\"ListItem\",\"position\":1,\"name\":\"Kezd\u0151lap\",\"item\":\"https:\/\/malotaakademia.com\/\"},{\"@type\":\"ListItem\",\"position\":2,\"name\":\"Egy\u00e9ni kommunik\u00e1ci\u00f3s tr\u00e9ningek\"}]},{\"@type\":\"WebSite\",\"@id\":\"https:\/\/malotaakademia.com\/#website\",\"url\":\"https:\/\/malotaakademia.com\/\",\"name\":\"Malota Akad\u00e9mia\",\"description\":\"Kommunik\u00e1ci\u00f3s \u00e9s interkultur\u00e1lis kompetencia fejleszt\u0151 tr\u00e9ningek\",\"publisher\":{\"@id\":\"https:\/\/malotaakademia.com\/#organization\"},\"potentialAction\":[{\"@type\":\"SearchAction\",\"target\":{\"@type\":\"EntryPoint\",\"urlTemplate\":\"https:\/\/malotaakademia.com\/?s={search_term_string}\"},\"query-input\":{\"@type\":\"PropertyValueSpecification\",\"valueRequired\":true,\"valueName\":\"search_term_string\"}}],\"inLanguage\":\"en-US\"},{\"@type\":\"Organization\",\"@id\":\"https:\/\/malotaakademia.com\/#organization\",\"name\":\"Malota Akad\u00e9mia\",\"url\":\"https:\/\/malotaakademia.com\/\",\"logo\":{\"@type\":\"ImageObject\",\"inLanguage\":\"en-US\",\"@id\":\"https:\/\/malotaakademia.com\/#\/schema\/logo\/image\/\",\"url\":\"https:\/\/malotaakademia.com\/wp-content\/uploads\/2025\/04\/Kep1final.png\",\"contentUrl\":\"https:\/\/malotaakademia.com\/wp-content\/uploads\/2025\/04\/Kep1final.png\",\"width\":683,\"height\":644,\"caption\":\"Malota Akad\u00e9mia\"},\"image\":{\"@id\":\"https:\/\/malotaakademia.com\/#\/schema\/logo\/image\/\"}}]}<\/script>\n<!-- \/ Yoast SEO plugin. -->","yoast_head_json":{"title":"Egy\u00e9ni kommunik\u00e1ci\u00f3s tr\u00e9ningek - Malota Akad\u00e9mia","robots":{"index":"index","follow":"follow","max-snippet":"max-snippet:-1","max-image-preview":"max-image-preview:large","max-video-preview":"max-video-preview:-1"},"canonical":"https:\/\/malotaakademia.com\/en\/egyeni-kommunikacios-treningek\/","og_locale":"en_US","og_type":"article","og_title":"Egy\u00e9ni kommunik\u00e1ci\u00f3s tr\u00e9ningek - Malota Akad\u00e9mia","og_description":"Minden tr\u00e9ning\u00fcnk ig\u00e9nyfelm\u00e9r\u00e9s ut\u00e1n szem\u00e9lyre szabott Kommunik\u00e1ci\u00f3. Kult\u00fara. Kompetencia.","og_url":"https:\/\/malotaakademia.com\/en\/egyeni-kommunikacios-treningek\/","og_site_name":"Malota Akad\u00e9mia","article_modified_time":"2025-09-11T09:44:13+00:00","og_image":[{"width":953,"height":543,"url":"https:\/\/malotaakademia.com\/wp-content\/uploads\/2025\/05\/1000_F_1384164202_GBYuqYaDSz05WNr5MQTGfPUax1ahufcz.jpg","type":"image\/jpeg"}],"twitter_card":"summary_large_image","twitter_misc":{"Est. reading time":"2 minutes"},"schema":{"@context":"https:\/\/schema.org","@graph":[{"@type":"WebPage","@id":"https:\/\/malotaakademia.com\/egyeni-kommunikacios-treningek\/","url":"https:\/\/malotaakademia.com\/egyeni-kommunikacios-treningek\/","name":"Egy\u00e9ni kommunik\u00e1ci\u00f3s tr\u00e9ningek - Malota Akad\u00e9mia","isPartOf":{"@id":"https:\/\/malotaakademia.com\/#website"},"primaryImageOfPage":{"@id":"https:\/\/malotaakademia.com\/egyeni-kommunikacios-treningek\/#primaryimage"},"image":{"@id":"https:\/\/malotaakademia.com\/egyeni-kommunikacios-treningek\/#primaryimage"},"thumbnailUrl":"https:\/\/malotaakademia.com\/wp-content\/uploads\/2025\/05\/1000_F_1384164202_GBYuqYaDSz05WNr5MQTGfPUax1ahufcz.jpg","datePublished":"2025-04-26T21:20:18+00:00","dateModified":"2025-09-11T09:44:13+00:00","breadcrumb":{"@id":"https:\/\/malotaakademia.com\/egyeni-kommunikacios-treningek\/#breadcrumb"},"inLanguage":"en-US","potentialAction":[{"@type":"ReadAction","target":["https:\/\/malotaakademia.com\/egyeni-kommunikacios-treningek\/"]}]},{"@type":"ImageObject","inLanguage":"en-US","@id":"https:\/\/malotaakademia.com\/egyeni-kommunikacios-treningek\/#primaryimage","url":"https:\/\/malotaakademia.com\/wp-content\/uploads\/2025\/05\/1000_F_1384164202_GBYuqYaDSz05WNr5MQTGfPUax1ahufcz.jpg","contentUrl":"https:\/\/malotaakademia.com\/wp-content\/uploads\/2025\/05\/1000_F_1384164202_GBYuqYaDSz05WNr5MQTGfPUax1ahufcz.jpg"},{"@type":"BreadcrumbList","@id":"https:\/\/malotaakademia.com\/egyeni-kommunikacios-treningek\/#breadcrumb","itemListElement":[{"@type":"ListItem","position":1,"name":"Kezd\u0151lap","item":"https:\/\/malotaakademia.com\/"},{"@type":"ListItem","position":2,"name":"Egy\u00e9ni kommunik\u00e1ci\u00f3s tr\u00e9ningek"}]},{"@type":"WebSite","@id":"https:\/\/malotaakademia.com\/#website","url":"https:\/\/malotaakademia.com\/","name":"Malota Akad\u00e9mia","description":"Kommunik\u00e1ci\u00f3s \u00e9s interkultur\u00e1lis kompetencia fejleszt\u0151 tr\u00e9ningek","publisher":{"@id":"https:\/\/malotaakademia.com\/#organization"},"potentialAction":[{"@type":"SearchAction","target":{"@type":"EntryPoint","urlTemplate":"https:\/\/malotaakademia.com\/?s={search_term_string}"},"query-input":{"@type":"PropertyValueSpecification","valueRequired":true,"valueName":"search_term_string"}}],"inLanguage":"en-US"},{"@type":"Organization","@id":"https:\/\/malotaakademia.com\/#organization","name":"Malota Akad\u00e9mia","url":"https:\/\/malotaakademia.com\/","logo":{"@type":"ImageObject","inLanguage":"en-US","@id":"https:\/\/malotaakademia.com\/#\/schema\/logo\/image\/","url":"https:\/\/malotaakademia.com\/wp-content\/uploads\/2025\/04\/Kep1final.png","contentUrl":"https:\/\/malotaakademia.com\/wp-content\/uploads\/2025\/04\/Kep1final.png","width":683,"height":644,"caption":"Malota Akad\u00e9mia"},"image":{"@id":"https:\/\/malotaakademia.com\/#\/schema\/logo\/image\/"}}]}},"jetpack_sharing_enabled":true,"_links":{"self":[{"href":"https:\/\/malotaakademia.com\/en\/wp-json\/wp\/v2\/pages\/335","targetHints":{"allow":["GET"]}}],"collection":[{"href":"https:\/\/malotaakademia.com\/en\/wp-json\/wp\/v2\/pages"}],"about":[{"href":"https:\/\/malotaakademia.com\/en\/wp-json\/wp\/v2\/types\/page"}],"author":[{"embeddable":true,"href":"https:\/\/malotaakademia.com\/en\/wp-json\/wp\/v2\/users\/1"}],"replies":[{"embeddable":true,"href":"https:\/\/malotaakademia.com\/en\/wp-json\/wp\/v2\/comments?post=335"}],"version-history":[{"count":43,"href":"https:\/\/malotaakademia.com\/en\/wp-json\/wp\/v2\/pages\/335\/revisions"}],"predecessor-version":[{"id":678,"href":"https:\/\/malotaakademia.com\/en\/wp-json\/wp\/v2\/pages\/335\/revisions\/678"}],"wp:attachment":[{"href":"https:\/\/malotaakademia.com\/en\/wp-json\/wp\/v2\/media?parent=335"}],"curies":[{"name":"wp","href":"https:\/\/api.w.org\/{rel}","templated":true}]}}