{"id":321,"date":"2025-04-26T23:00:30","date_gmt":"2025-04-26T21:00:30","guid":{"rendered":"https:\/\/malotaakademia.com\/?page_id=321"},"modified":"2026-01-25T12:54:24","modified_gmt":"2026-01-25T11:54:24","slug":"kapcsolat","status":"publish","type":"page","link":"https:\/\/malotaakademia.com\/en\/kapcsolat\/","title":{"rendered":"Contact us"},"content":{"rendered":"<figure class=\"wp-block-image size-large is-resized\"><img loading=\"lazy\" decoding=\"async\" width=\"1024\" height=\"1024\" src=\"https:\/\/malotaakademia.com\/wp-content\/uploads\/2026\/01\/qr-code-1024x1024.png\" alt=\"\" class=\"wp-image-1536\" style=\"width:176px;height:auto\" srcset=\"https:\/\/malotaakademia.com\/wp-content\/uploads\/2026\/01\/qr-code-1024x1024.png 1024w, https:\/\/malotaakademia.com\/wp-content\/uploads\/2026\/01\/qr-code-300x300.png 300w, https:\/\/malotaakademia.com\/wp-content\/uploads\/2026\/01\/qr-code-150x150.png 150w, https:\/\/malotaakademia.com\/wp-content\/uploads\/2026\/01\/qr-code-768x768.png 768w, https:\/\/malotaakademia.com\/wp-content\/uploads\/2026\/01\/qr-code-1536x1536.png 1536w, https:\/\/malotaakademia.com\/wp-content\/uploads\/2026\/01\/qr-code-2048x2048.png 2048w, https:\/\/malotaakademia.com\/wp-content\/uploads\/2026\/01\/qr-code-12x12.png 12w, https:\/\/malotaakademia.com\/wp-content\/uploads\/2026\/01\/qr-code-1320x1320.png 1320w, https:\/\/malotaakademia.com\/wp-content\/uploads\/2026\/01\/qr-code-600x600.png 600w\" sizes=\"auto, (max-width: 1024px) 100vw, 1024px\" \/><\/figure>\n\n\n\n<div style=\"height:27px\" aria-hidden=\"true\" class=\"wp-block-spacer\"><\/div>\n\n\n\n<div class=\"wp-block-columns is-layout-flex wp-container-core-columns-is-layout-9d6595d7 wp-block-columns-is-layout-flex\">\n<div class=\"wp-block-column is-layout-flow wp-block-column-is-layout-flow\" style=\"flex-basis:100%\">\n<h2 class=\"wp-block-heading\">Write to us and we will contact you soon.<\/h2>\n<\/div>\n<\/div>\n\n\n\n<div class=\"wpcf7 no-js\" id=\"wpcf7-f35-o1\" lang=\"hu-HU\" dir=\"ltr\" data-wpcf7-id=\"35\">\n<div class=\"screen-reader-response\"><p role=\"status\" aria-live=\"polite\" aria-atomic=\"true\"><\/p> <ul><\/ul><\/div>\n<form action=\"\/en\/wp-json\/wp\/v2\/pages\/321#wpcf7-f35-o1\" method=\"post\" class=\"wpcf7-form init\" aria-label=\"Kapcsolatfelv\u00e9teli \u0171rlap\" novalidate=\"novalidate\" data-status=\"init\" data-trp-original-action=\"\/en\/wp-json\/wp\/v2\/pages\/321#wpcf7-f35-o1\">\n<fieldset class=\"hidden-fields-container\"><input type=\"hidden\" name=\"_wpcf7\" value=\"35\" \/><input type=\"hidden\" name=\"_wpcf7_version\" value=\"6.1.4\" \/><input type=\"hidden\" name=\"_wpcf7_locale\" value=\"hu_HU\" \/><input type=\"hidden\" name=\"_wpcf7_unit_tag\" value=\"wpcf7-f35-o1\" \/><input type=\"hidden\" name=\"_wpcf7_container_post\" value=\"0\" \/><input type=\"hidden\" name=\"_wpcf7_posted_data_hash\" value=\"\" \/>\n<\/fieldset>\n<p><label> Name<br \/>\n<span class=\"wpcf7-form-control-wrap\" data-name=\"your-name\"><input size=\"40\" maxlength=\"400\" class=\"wpcf7-form-control wpcf7-text wpcf7-validates-as-required\" autocomplete=\"name\" aria-required=\"true\" aria-invalid=\"false\" value=\"\" type=\"text\" name=\"your-name\" \/><\/span> <\/label>\n<\/p>\n<p><label> email address<br \/>\n<span class=\"wpcf7-form-control-wrap\" data-name=\"your-email\"><input size=\"40\" maxlength=\"400\" class=\"wpcf7-form-control wpcf7-email wpcf7-validates-as-required wpcf7-text wpcf7-validates-as-email\" autocomplete=\"email\" aria-required=\"true\" aria-invalid=\"false\" value=\"\" type=\"email\" name=\"your-email\" \/><\/span> <\/label>\n<\/p>\n<p><label> phone number<br \/>\n<span class=\"wpcf7-form-control-wrap\" data-name=\"your-phone\"><input size=\"40\" maxlength=\"400\" class=\"wpcf7-form-control wpcf7-tel wpcf7-validates-as-required wpcf7-text wpcf7-validates-as-tel\" autocomplete=\"tel\" aria-required=\"true\" aria-invalid=\"false\" value=\"\" type=\"tel\" name=\"your-phone\" \/><\/span> <\/label>\n<\/p>\n<p><label> subject<br \/>\n<span class=\"wpcf7-form-control-wrap\" data-name=\"your-subject\"><input size=\"40\" maxlength=\"400\" class=\"wpcf7-form-control wpcf7-text wpcf7-validates-as-required\" aria-required=\"true\" aria-invalid=\"false\" value=\"\" type=\"text\" name=\"your-subject\" \/><\/span> <\/label>\n<\/p>\n<p><label> message<br \/>\n<span class=\"wpcf7-form-control-wrap\" data-name=\"your-message\"><textarea cols=\"40\" rows=\"10\" maxlength=\"2000\" class=\"wpcf7-form-control wpcf7-textarea\" aria-invalid=\"false\" name=\"your-message\"><\/textarea><\/span> <\/label>\n<\/p>\n<p><input class=\"wpcf7-form-control wpcf7-submit has-spinner\" type=\"submit\" value=\"send\" \/>\n<\/p><p style=\"display: none !important;\" class=\"akismet-fields-container\" data-prefix=\"_wpcf7_ak_\"><label>&#916;<textarea name=\"_wpcf7_ak_hp_textarea\" cols=\"45\" rows=\"8\" maxlength=\"100\"><\/textarea><\/label><input type=\"hidden\" id=\"ak_js_1\" name=\"_wpcf7_ak_js\" value=\"22\"\/><script>document.getElementById( \"ak_js_1\" ).setAttribute( \"value\", ( new Date() ).getTime() );<\/script><\/p><div class=\"wpcf7-response-output\" aria-hidden=\"true\"><\/div>\n<input type=\"hidden\" name=\"trp-form-language\" value=\"en\"\/><\/form>\n<\/div>\n\n\n\n\n<p><\/p>","protected":false},"excerpt":{"rendered":"<p>Write to us and we will contact you soon.<\/p>","protected":false},"author":1,"featured_media":0,"parent":0,"menu_order":0,"comment_status":"closed","ping_status":"closed","template":"","meta":{"footnotes":""},"class_list":["post-321","page","type-page","status-publish","hentry"],"yoast_head":"<!-- This site is optimized with the Yoast SEO plugin v25.1 - https:\/\/yoast.com\/wordpress\/plugins\/seo\/ -->\n<title>Kapcsolat - Malota Akad\u00e9mia<\/title>\n<meta name=\"description\" content=\"kapcsolat Malota Akad\u00e9mia\" \/>\n<meta name=\"robots\" content=\"index, follow, max-snippet:-1, max-image-preview:large, max-video-preview:-1\" \/>\n<link rel=\"canonical\" href=\"https:\/\/malotaakademia.com\/en\/kapcsolat\/\" \/>\n<meta property=\"og:locale\" content=\"en_US\" \/>\n<meta property=\"og:type\" content=\"article\" \/>\n<meta property=\"og:title\" content=\"Kapcsolat - Malota Akad\u00e9mia\" \/>\n<meta property=\"og:description\" content=\"kapcsolat Malota Akad\u00e9mia\" \/>\n<meta property=\"og:url\" content=\"https:\/\/malotaakademia.com\/en\/kapcsolat\/\" \/>\n<meta property=\"og:site_name\" content=\"Malota Akad\u00e9mia\" \/>\n<meta property=\"article:modified_time\" content=\"2026-01-25T11:54:24+00:00\" \/>\n<meta property=\"og:image\" content=\"https:\/\/malotaakademia.com\/wp-content\/uploads\/2026\/01\/qr-code.png\" \/>\n\t<meta property=\"og:image:width\" content=\"2125\" \/>\n\t<meta property=\"og:image:height\" content=\"2125\" \/>\n\t<meta property=\"og:image:type\" content=\"image\/png\" \/>\n<meta name=\"twitter:card\" content=\"summary_large_image\" \/>\n<meta name=\"twitter:label1\" content=\"Est. reading time\" \/>\n\t<meta name=\"twitter:data1\" content=\"1 minute\" \/>\n<script type=\"application\/ld+json\" class=\"yoast-schema-graph\">{\"@context\":\"https:\/\/schema.org\",\"@graph\":[{\"@type\":\"WebPage\",\"@id\":\"https:\/\/malotaakademia.com\/kapcsolat\/\",\"url\":\"https:\/\/malotaakademia.com\/kapcsolat\/\",\"name\":\"Kapcsolat - Malota Akad\u00e9mia\",\"isPartOf\":{\"@id\":\"https:\/\/malotaakademia.com\/#website\"},\"primaryImageOfPage\":{\"@id\":\"https:\/\/malotaakademia.com\/kapcsolat\/#primaryimage\"},\"image\":{\"@id\":\"https:\/\/malotaakademia.com\/kapcsolat\/#primaryimage\"},\"thumbnailUrl\":\"https:\/\/malotaakademia.com\/wp-content\/uploads\/2026\/01\/qr-code-1024x1024.png\",\"datePublished\":\"2025-04-26T21:00:30+00:00\",\"dateModified\":\"2026-01-25T11:54:24+00:00\",\"description\":\"kapcsolat Malota Akad\u00e9mia\",\"breadcrumb\":{\"@id\":\"https:\/\/malotaakademia.com\/kapcsolat\/#breadcrumb\"},\"inLanguage\":\"en-US\",\"potentialAction\":[{\"@type\":\"ReadAction\",\"target\":[\"https:\/\/malotaakademia.com\/kapcsolat\/\"]}]},{\"@type\":\"ImageObject\",\"inLanguage\":\"en-US\",\"@id\":\"https:\/\/malotaakademia.com\/kapcsolat\/#primaryimage\",\"url\":\"https:\/\/malotaakademia.com\/wp-content\/uploads\/2026\/01\/qr-code-1024x1024.png\",\"contentUrl\":\"https:\/\/malotaakademia.com\/wp-content\/uploads\/2026\/01\/qr-code-1024x1024.png\"},{\"@type\":\"BreadcrumbList\",\"@id\":\"https:\/\/malotaakademia.com\/kapcsolat\/#breadcrumb\",\"itemListElement\":[{\"@type\":\"ListItem\",\"position\":1,\"name\":\"Kezd\u0151lap\",\"item\":\"https:\/\/malotaakademia.com\/\"},{\"@type\":\"ListItem\",\"position\":2,\"name\":\"Kapcsolat\"}]},{\"@type\":\"WebSite\",\"@id\":\"https:\/\/malotaakademia.com\/#website\",\"url\":\"https:\/\/malotaakademia.com\/\",\"name\":\"Malota Akad\u00e9mia\",\"description\":\"Kommunik\u00e1ci\u00f3s \u00e9s interkultur\u00e1lis kompetencia fejleszt\u0151 tr\u00e9ningek\",\"publisher\":{\"@id\":\"https:\/\/malotaakademia.com\/#organization\"},\"potentialAction\":[{\"@type\":\"SearchAction\",\"target\":{\"@type\":\"EntryPoint\",\"urlTemplate\":\"https:\/\/malotaakademia.com\/?s={search_term_string}\"},\"query-input\":{\"@type\":\"PropertyValueSpecification\",\"valueRequired\":true,\"valueName\":\"search_term_string\"}}],\"inLanguage\":\"en-US\"},{\"@type\":\"Organization\",\"@id\":\"https:\/\/malotaakademia.com\/#organization\",\"name\":\"Malota Akad\u00e9mia\",\"url\":\"https:\/\/malotaakademia.com\/\",\"logo\":{\"@type\":\"ImageObject\",\"inLanguage\":\"en-US\",\"@id\":\"https:\/\/malotaakademia.com\/#\/schema\/logo\/image\/\",\"url\":\"https:\/\/malotaakademia.com\/wp-content\/uploads\/2025\/04\/Kep1final.png\",\"contentUrl\":\"https:\/\/malotaakademia.com\/wp-content\/uploads\/2025\/04\/Kep1final.png\",\"width\":683,\"height\":644,\"caption\":\"Malota Akad\u00e9mia\"},\"image\":{\"@id\":\"https:\/\/malotaakademia.com\/#\/schema\/logo\/image\/\"}}]}<\/script>\n<!-- \/ Yoast SEO plugin. -->","yoast_head_json":{"title":"Kapcsolat - Malota Akad\u00e9mia","description":"kapcsolat Malota Akad\u00e9mia","robots":{"index":"index","follow":"follow","max-snippet":"max-snippet:-1","max-image-preview":"max-image-preview:large","max-video-preview":"max-video-preview:-1"},"canonical":"https:\/\/malotaakademia.com\/en\/kapcsolat\/","og_locale":"en_US","og_type":"article","og_title":"Kapcsolat - Malota Akad\u00e9mia","og_description":"kapcsolat Malota Akad\u00e9mia","og_url":"https:\/\/malotaakademia.com\/en\/kapcsolat\/","og_site_name":"Malota Akad\u00e9mia","article_modified_time":"2026-01-25T11:54:24+00:00","og_image":[{"width":2125,"height":2125,"url":"https:\/\/malotaakademia.com\/wp-content\/uploads\/2026\/01\/qr-code.png","type":"image\/png"}],"twitter_card":"summary_large_image","twitter_misc":{"Est. reading time":"1 minute"},"schema":{"@context":"https:\/\/schema.org","@graph":[{"@type":"WebPage","@id":"https:\/\/malotaakademia.com\/kapcsolat\/","url":"https:\/\/malotaakademia.com\/kapcsolat\/","name":"Kapcsolat - Malota Akad\u00e9mia","isPartOf":{"@id":"https:\/\/malotaakademia.com\/#website"},"primaryImageOfPage":{"@id":"https:\/\/malotaakademia.com\/kapcsolat\/#primaryimage"},"image":{"@id":"https:\/\/malotaakademia.com\/kapcsolat\/#primaryimage"},"thumbnailUrl":"https:\/\/malotaakademia.com\/wp-content\/uploads\/2026\/01\/qr-code-1024x1024.png","datePublished":"2025-04-26T21:00:30+00:00","dateModified":"2026-01-25T11:54:24+00:00","description":"kapcsolat Malota Akad\u00e9mia","breadcrumb":{"@id":"https:\/\/malotaakademia.com\/kapcsolat\/#breadcrumb"},"inLanguage":"en-US","potentialAction":[{"@type":"ReadAction","target":["https:\/\/malotaakademia.com\/kapcsolat\/"]}]},{"@type":"ImageObject","inLanguage":"en-US","@id":"https:\/\/malotaakademia.com\/kapcsolat\/#primaryimage","url":"https:\/\/malotaakademia.com\/wp-content\/uploads\/2026\/01\/qr-code-1024x1024.png","contentUrl":"https:\/\/malotaakademia.com\/wp-content\/uploads\/2026\/01\/qr-code-1024x1024.png"},{"@type":"BreadcrumbList","@id":"https:\/\/malotaakademia.com\/kapcsolat\/#breadcrumb","itemListElement":[{"@type":"ListItem","position":1,"name":"Kezd\u0151lap","item":"https:\/\/malotaakademia.com\/"},{"@type":"ListItem","position":2,"name":"Kapcsolat"}]},{"@type":"WebSite","@id":"https:\/\/malotaakademia.com\/#website","url":"https:\/\/malotaakademia.com\/","name":"Malota Akad\u00e9mia","description":"Kommunik\u00e1ci\u00f3s \u00e9s interkultur\u00e1lis kompetencia fejleszt\u0151 tr\u00e9ningek","publisher":{"@id":"https:\/\/malotaakademia.com\/#organization"},"potentialAction":[{"@type":"SearchAction","target":{"@type":"EntryPoint","urlTemplate":"https:\/\/malotaakademia.com\/?s={search_term_string}"},"query-input":{"@type":"PropertyValueSpecification","valueRequired":true,"valueName":"search_term_string"}}],"inLanguage":"en-US"},{"@type":"Organization","@id":"https:\/\/malotaakademia.com\/#organization","name":"Malota Akad\u00e9mia","url":"https:\/\/malotaakademia.com\/","logo":{"@type":"ImageObject","inLanguage":"en-US","@id":"https:\/\/malotaakademia.com\/#\/schema\/logo\/image\/","url":"https:\/\/malotaakademia.com\/wp-content\/uploads\/2025\/04\/Kep1final.png","contentUrl":"https:\/\/malotaakademia.com\/wp-content\/uploads\/2025\/04\/Kep1final.png","width":683,"height":644,"caption":"Malota Akad\u00e9mia"},"image":{"@id":"https:\/\/malotaakademia.com\/#\/schema\/logo\/image\/"}}]}},"jetpack_sharing_enabled":true,"_links":{"self":[{"href":"https:\/\/malotaakademia.com\/en\/wp-json\/wp\/v2\/pages\/321","targetHints":{"allow":["GET"]}}],"collection":[{"href":"https:\/\/malotaakademia.com\/en\/wp-json\/wp\/v2\/pages"}],"about":[{"href":"https:\/\/malotaakademia.com\/en\/wp-json\/wp\/v2\/types\/page"}],"author":[{"embeddable":true,"href":"https:\/\/malotaakademia.com\/en\/wp-json\/wp\/v2\/users\/1"}],"replies":[{"embeddable":true,"href":"https:\/\/malotaakademia.com\/en\/wp-json\/wp\/v2\/comments?post=321"}],"version-history":[{"count":9,"href":"https:\/\/malotaakademia.com\/en\/wp-json\/wp\/v2\/pages\/321\/revisions"}],"predecessor-version":[{"id":1537,"href":"https:\/\/malotaakademia.com\/en\/wp-json\/wp\/v2\/pages\/321\/revisions\/1537"}],"wp:attachment":[{"href":"https:\/\/malotaakademia.com\/en\/wp-json\/wp\/v2\/media?parent=321"}],"curies":[{"name":"wp","href":"https:\/\/api.w.org\/{rel}","templated":true}]}}