{"id":315,"date":"2025-04-26T22:51:35","date_gmt":"2025-04-26T20:51:35","guid":{"rendered":"https:\/\/malotaakademia.com\/?page_id=315"},"modified":"2026-01-25T10:34:00","modified_gmt":"2026-01-25T09:34:00","slug":"referenciak","status":"publish","type":"page","link":"https:\/\/malotaakademia.com\/en\/referenciak\/","title":{"rendered":"References, awards"},"content":{"rendered":"<h2 class=\"wp-block-heading\">References<\/h2>\n\n\n\n<p>Codecool, Trocellen, Budapest Metropolitan Municipality, Tempus Public Foundation, E.on, L'Or\u00e9al, Fundamenta, Axel-Springel, ELM\u0170, SaraLee, Magyar Posta, MagiCom, Menedzser Praxis Publishing House, Ministry of Social Affairs and Labor, Hungarian Student Sports Association, Hungarian Sports Science Society, Hungarian Sports Management Society, Ministry of Foreign Affairs and Trade, SEED Small Business Development Foundation, University of Theatre and Film Arts, Nagykanizsa Incubator House and Innovation Center, Dunavecse Port Ltd., Ex Ante, ESSCA Hungary, Budapest Management Review Journal, Veszpr\u00e9m County Chamber of Commerce and Industry, Borsod-Aba\u00faj-Zempl\u00e9n County Chamber of Commerce and Industry, Hungarian University of Sports Science<\/p>\n\n\n\n<h2 class=\"wp-block-heading\">Awards<\/h2>\n\n\n\n<p>Winner of numerous awards: Corvinus University of Budapest \u2018Teacher of the Year\u2019 award, \u2018Spotlight on Teaching, innovative interactive training\u2019 award, Hungarian Academy of Sciences J\u00e1nos Bolyai Scholarship, Hungarian Academy of Sciences Publication Excellence Awards, \u2018Corvinus Research Excellence\u2019 awards, Burgundy School of Business \u2018Excellence in Pedagogy\u2019, CEMS \u2018Excellent Teacher\u2019 award, TEMPUS Public Foundation  \u2018For the international development of higher education, intercultural awareness\u2019 award.<\/p>\n\n\n\n<p><\/p>","protected":false},"excerpt":{"rendered":"<p>Referenci\u00e1k Codecool, Trocellen, F\u0151v\u00e1rosi \u00d6nkorm\u00e1nyzat, Tempus K\u00f6zalap\u00edtv\u00e1ny, E.on, Fundamenta, Axel-Springel, ELM\u0170, L&#8217;Or\u00e9al, \u00a0SaraLee, Magyar Posta, MagiCom, Menedzser Praxis Kiad\u00f3, Szoci\u00e1lis \u00e9s Munka\u00fcgyi Miniszt\u00e9rium, Magyar Di\u00e1ksport Sz\u00f6vets\u00e9g, Magyar Sporttudom\u00e1nyi T\u00e1rsas\u00e1g, Magyar Sportmenedzsment T\u00e1rsas\u00e1g, K\u00fclgazdas\u00e1gi \u00e9s K\u00fcl\u00fcgyminiszt\u00e9rium, SEED Kisv\u00e1llalkoz\u00e1sfejleszt\u00e9si Alap\u00edtv\u00e1ny, Sz\u00ednm\u0171v\u00e9szeti Egyetem, Nagykanizsai Inkub\u00e1torh\u00e1z \u00e9s Innov\u00e1ci\u00f3s K\u00f6zpont, Dunavecse Kik\u00f6t\u0151 Kft., Ex Ante, ESSCA Magyarorsz\u00e1g, Vezet\u00e9studom\u00e1ny foly\u00f3irat, Veszpr\u00e9m <a class=\"read-more\" href=\"https:\/\/malotaakademia.com\/en\/referenciak\/\">READ MORE<\/a><\/p>","protected":false},"author":1,"featured_media":0,"parent":0,"menu_order":0,"comment_status":"closed","ping_status":"closed","template":"","meta":{"footnotes":""},"class_list":["post-315","page","type-page","status-publish","hentry"],"yoast_head":"<!-- This site is optimized with the Yoast SEO plugin v25.1 - https:\/\/yoast.com\/wordpress\/plugins\/seo\/ -->\n<title>Referenci\u00e1k, d\u00edjak - Malota Akad\u00e9mia<\/title>\n<meta name=\"robots\" content=\"index, follow, max-snippet:-1, max-image-preview:large, max-video-preview:-1\" \/>\n<link rel=\"canonical\" href=\"https:\/\/malotaakademia.com\/en\/referenciak\/\" \/>\n<meta property=\"og:locale\" content=\"en_US\" \/>\n<meta property=\"og:type\" content=\"article\" \/>\n<meta property=\"og:title\" content=\"Referenci\u00e1k, d\u00edjak - Malota Akad\u00e9mia\" \/>\n<meta property=\"og:description\" content=\"Referenci\u00e1k Codecool, Trocellen, F\u0151v\u00e1rosi \u00d6nkorm\u00e1nyzat, Tempus K\u00f6zalap\u00edtv\u00e1ny, E.on, Fundamenta, Axel-Springel, ELM\u0170, L&#8217;Or\u00e9al, \u00a0SaraLee, Magyar Posta, MagiCom, Menedzser Praxis Kiad\u00f3, Szoci\u00e1lis \u00e9s Munka\u00fcgyi Miniszt\u00e9rium, Magyar Di\u00e1ksport Sz\u00f6vets\u00e9g, Magyar Sporttudom\u00e1nyi T\u00e1rsas\u00e1g, Magyar Sportmenedzsment T\u00e1rsas\u00e1g, K\u00fclgazdas\u00e1gi \u00e9s K\u00fcl\u00fcgyminiszt\u00e9rium, SEED Kisv\u00e1llalkoz\u00e1sfejleszt\u00e9si Alap\u00edtv\u00e1ny, Sz\u00ednm\u0171v\u00e9szeti Egyetem, Nagykanizsai Inkub\u00e1torh\u00e1z \u00e9s Innov\u00e1ci\u00f3s K\u00f6zpont, Dunavecse Kik\u00f6t\u0151 Kft., Ex Ante, ESSCA Magyarorsz\u00e1g, Vezet\u00e9studom\u00e1ny foly\u00f3irat, Veszpr\u00e9m READ MORE\" \/>\n<meta property=\"og:url\" content=\"https:\/\/malotaakademia.com\/en\/referenciak\/\" \/>\n<meta property=\"og:site_name\" content=\"Malota Akad\u00e9mia\" \/>\n<meta property=\"article:modified_time\" content=\"2026-01-25T09:34:00+00:00\" \/>\n<meta name=\"twitter:card\" content=\"summary_large_image\" \/>\n<meta name=\"twitter:label1\" content=\"Est. reading time\" \/>\n\t<meta name=\"twitter:data1\" content=\"1 minute\" \/>\n<script type=\"application\/ld+json\" class=\"yoast-schema-graph\">{\"@context\":\"https:\/\/schema.org\",\"@graph\":[{\"@type\":\"WebPage\",\"@id\":\"https:\/\/malotaakademia.com\/referenciak\/\",\"url\":\"https:\/\/malotaakademia.com\/referenciak\/\",\"name\":\"Referenci\u00e1k, d\u00edjak - Malota Akad\u00e9mia\",\"isPartOf\":{\"@id\":\"https:\/\/malotaakademia.com\/#website\"},\"datePublished\":\"2025-04-26T20:51:35+00:00\",\"dateModified\":\"2026-01-25T09:34:00+00:00\",\"breadcrumb\":{\"@id\":\"https:\/\/malotaakademia.com\/referenciak\/#breadcrumb\"},\"inLanguage\":\"en-US\",\"potentialAction\":[{\"@type\":\"ReadAction\",\"target\":[\"https:\/\/malotaakademia.com\/referenciak\/\"]}]},{\"@type\":\"BreadcrumbList\",\"@id\":\"https:\/\/malotaakademia.com\/referenciak\/#breadcrumb\",\"itemListElement\":[{\"@type\":\"ListItem\",\"position\":1,\"name\":\"Kezd\u0151lap\",\"item\":\"https:\/\/malotaakademia.com\/\"},{\"@type\":\"ListItem\",\"position\":2,\"name\":\"Referenci\u00e1k, d\u00edjak\"}]},{\"@type\":\"WebSite\",\"@id\":\"https:\/\/malotaakademia.com\/#website\",\"url\":\"https:\/\/malotaakademia.com\/\",\"name\":\"Malota Akad\u00e9mia\",\"description\":\"Kommunik\u00e1ci\u00f3s \u00e9s interkultur\u00e1lis kompetencia fejleszt\u0151 tr\u00e9ningek\",\"publisher\":{\"@id\":\"https:\/\/malotaakademia.com\/#organization\"},\"potentialAction\":[{\"@type\":\"SearchAction\",\"target\":{\"@type\":\"EntryPoint\",\"urlTemplate\":\"https:\/\/malotaakademia.com\/?s={search_term_string}\"},\"query-input\":{\"@type\":\"PropertyValueSpecification\",\"valueRequired\":true,\"valueName\":\"search_term_string\"}}],\"inLanguage\":\"en-US\"},{\"@type\":\"Organization\",\"@id\":\"https:\/\/malotaakademia.com\/#organization\",\"name\":\"Malota Akad\u00e9mia\",\"url\":\"https:\/\/malotaakademia.com\/\",\"logo\":{\"@type\":\"ImageObject\",\"inLanguage\":\"en-US\",\"@id\":\"https:\/\/malotaakademia.com\/#\/schema\/logo\/image\/\",\"url\":\"https:\/\/malotaakademia.com\/wp-content\/uploads\/2025\/04\/Kep1final.png\",\"contentUrl\":\"https:\/\/malotaakademia.com\/wp-content\/uploads\/2025\/04\/Kep1final.png\",\"width\":683,\"height\":644,\"caption\":\"Malota Akad\u00e9mia\"},\"image\":{\"@id\":\"https:\/\/malotaakademia.com\/#\/schema\/logo\/image\/\"}}]}<\/script>\n<!-- \/ Yoast SEO plugin. -->","yoast_head_json":{"title":"Referenci\u00e1k, d\u00edjak - Malota Akad\u00e9mia","robots":{"index":"index","follow":"follow","max-snippet":"max-snippet:-1","max-image-preview":"max-image-preview:large","max-video-preview":"max-video-preview:-1"},"canonical":"https:\/\/malotaakademia.com\/en\/referenciak\/","og_locale":"en_US","og_type":"article","og_title":"Referenci\u00e1k, d\u00edjak - Malota Akad\u00e9mia","og_description":"Referenci\u00e1k Codecool, Trocellen, F\u0151v\u00e1rosi \u00d6nkorm\u00e1nyzat, Tempus K\u00f6zalap\u00edtv\u00e1ny, E.on, Fundamenta, Axel-Springel, ELM\u0170, L&#8217;Or\u00e9al, \u00a0SaraLee, Magyar Posta, MagiCom, Menedzser Praxis Kiad\u00f3, Szoci\u00e1lis \u00e9s Munka\u00fcgyi Miniszt\u00e9rium, Magyar Di\u00e1ksport Sz\u00f6vets\u00e9g, Magyar Sporttudom\u00e1nyi T\u00e1rsas\u00e1g, Magyar Sportmenedzsment T\u00e1rsas\u00e1g, K\u00fclgazdas\u00e1gi \u00e9s K\u00fcl\u00fcgyminiszt\u00e9rium, SEED Kisv\u00e1llalkoz\u00e1sfejleszt\u00e9si Alap\u00edtv\u00e1ny, Sz\u00ednm\u0171v\u00e9szeti Egyetem, Nagykanizsai Inkub\u00e1torh\u00e1z \u00e9s Innov\u00e1ci\u00f3s K\u00f6zpont, Dunavecse Kik\u00f6t\u0151 Kft., Ex Ante, ESSCA Magyarorsz\u00e1g, Vezet\u00e9studom\u00e1ny foly\u00f3irat, Veszpr\u00e9m READ MORE","og_url":"https:\/\/malotaakademia.com\/en\/referenciak\/","og_site_name":"Malota Akad\u00e9mia","article_modified_time":"2026-01-25T09:34:00+00:00","twitter_card":"summary_large_image","twitter_misc":{"Est. reading time":"1 minute"},"schema":{"@context":"https:\/\/schema.org","@graph":[{"@type":"WebPage","@id":"https:\/\/malotaakademia.com\/referenciak\/","url":"https:\/\/malotaakademia.com\/referenciak\/","name":"Referenci\u00e1k, d\u00edjak - Malota Akad\u00e9mia","isPartOf":{"@id":"https:\/\/malotaakademia.com\/#website"},"datePublished":"2025-04-26T20:51:35+00:00","dateModified":"2026-01-25T09:34:00+00:00","breadcrumb":{"@id":"https:\/\/malotaakademia.com\/referenciak\/#breadcrumb"},"inLanguage":"en-US","potentialAction":[{"@type":"ReadAction","target":["https:\/\/malotaakademia.com\/referenciak\/"]}]},{"@type":"BreadcrumbList","@id":"https:\/\/malotaakademia.com\/referenciak\/#breadcrumb","itemListElement":[{"@type":"ListItem","position":1,"name":"Kezd\u0151lap","item":"https:\/\/malotaakademia.com\/"},{"@type":"ListItem","position":2,"name":"Referenci\u00e1k, d\u00edjak"}]},{"@type":"WebSite","@id":"https:\/\/malotaakademia.com\/#website","url":"https:\/\/malotaakademia.com\/","name":"Malota Akad\u00e9mia","description":"Kommunik\u00e1ci\u00f3s \u00e9s interkultur\u00e1lis kompetencia fejleszt\u0151 tr\u00e9ningek","publisher":{"@id":"https:\/\/malotaakademia.com\/#organization"},"potentialAction":[{"@type":"SearchAction","target":{"@type":"EntryPoint","urlTemplate":"https:\/\/malotaakademia.com\/?s={search_term_string}"},"query-input":{"@type":"PropertyValueSpecification","valueRequired":true,"valueName":"search_term_string"}}],"inLanguage":"en-US"},{"@type":"Organization","@id":"https:\/\/malotaakademia.com\/#organization","name":"Malota Akad\u00e9mia","url":"https:\/\/malotaakademia.com\/","logo":{"@type":"ImageObject","inLanguage":"en-US","@id":"https:\/\/malotaakademia.com\/#\/schema\/logo\/image\/","url":"https:\/\/malotaakademia.com\/wp-content\/uploads\/2025\/04\/Kep1final.png","contentUrl":"https:\/\/malotaakademia.com\/wp-content\/uploads\/2025\/04\/Kep1final.png","width":683,"height":644,"caption":"Malota Akad\u00e9mia"},"image":{"@id":"https:\/\/malotaakademia.com\/#\/schema\/logo\/image\/"}}]}},"jetpack_sharing_enabled":true,"_links":{"self":[{"href":"https:\/\/malotaakademia.com\/en\/wp-json\/wp\/v2\/pages\/315","targetHints":{"allow":["GET"]}}],"collection":[{"href":"https:\/\/malotaakademia.com\/en\/wp-json\/wp\/v2\/pages"}],"about":[{"href":"https:\/\/malotaakademia.com\/en\/wp-json\/wp\/v2\/types\/page"}],"author":[{"embeddable":true,"href":"https:\/\/malotaakademia.com\/en\/wp-json\/wp\/v2\/users\/1"}],"replies":[{"embeddable":true,"href":"https:\/\/malotaakademia.com\/en\/wp-json\/wp\/v2\/comments?post=315"}],"version-history":[{"count":15,"href":"https:\/\/malotaakademia.com\/en\/wp-json\/wp\/v2\/pages\/315\/revisions"}],"predecessor-version":[{"id":1533,"href":"https:\/\/malotaakademia.com\/en\/wp-json\/wp\/v2\/pages\/315\/revisions\/1533"}],"wp:attachment":[{"href":"https:\/\/malotaakademia.com\/en\/wp-json\/wp\/v2\/media?parent=315"}],"curies":[{"name":"wp","href":"https:\/\/api.w.org\/{rel}","templated":true}]}}