{"id":312,"date":"2025-04-26T22:50:28","date_gmt":"2025-04-26T20:50:28","guid":{"rendered":"https:\/\/malotaakademia.com\/?page_id=312"},"modified":"2026-01-25T09:41:23","modified_gmt":"2026-01-25T08:41:23","slug":"nemzetkozi-tapasztalatok","status":"publish","type":"page","link":"https:\/\/malotaakademia.com\/en\/nemzetkozi-tapasztalatok\/","title":{"rendered":"International experiences"},"content":{"rendered":"<h2 class=\"wp-block-heading\">teaching and research in 20 countries, at 25 universities<\/h2>\n\n\n\n<p>The Netherlands: Groningen \u2013 Handelhochgeshool, Nijmegen \u2013 Radboud University, <\/p>\n\n\n\n<p>USA: Warrensburg &#8211; Central Missouri State University, <\/p>\n\n\n\n<p>England: Cranfield \u2013 Cranfield School of Management, &nbsp;<\/p>\n\n\n\n<p>Norway: Bergen -Norwegian School of Business, <\/p>\n\n\n\n<p>Canada: Waterloo \u2013 Wilfrid Laurier University, &nbsp;<\/p>\n\n\n\n<p>Scotland: Edinburgh-Heriott Watt University, <\/p>\n\n\n\n<p>Austria: Linz \u2013 Johannes Kepler Universit\u00e4t, Vienna\u2013 Wirtschaftsuniversit\u00e4t Wien, <\/p>\n\n\n\n<p>Denmark: Copenhagen \u2013 Copenhagen Business School, <\/p>\n\n\n\n<p>Italy: Milan \u2013 Bocconi University, Venice \u2013 Ca\u2019Foscari University of Venice, Rome \u2013 Sapienza University of Rome, <\/p>\n\n\n\n<p>Finland: Helsinki \u2013 Helsinki School of Economics, <\/p>\n\n\n\n<p>Sweden: Stockholm-Stockholm University, <\/p>\n\n\n\n<p>India: New Delhi &#8211; Delhi University, <\/p>\n\n\n\n<p>Croatia: Split \u2013 Split University, Rijeka \u2013 University of Rijeka, <\/p>\n\n\n\n<p>Romania: Kolozsv\u00e1r \u2013 Babes-Bolyai University, <\/p>\n\n\n\n<p>France: Dijon \u2013 Groupe ESC Dijon Bourgogne, <\/p>\n\n\n\n<p>Portugal: Lisboa \u2013 Nova School of Business and Economics, <\/p>\n\n\n\n<p>Malta: Msida \u2013 University of Malta, <\/p>\n\n\n\n<p>Slovenia: Ljubljana \u2013 University of Ljubljana<\/p>\n\n\n\n<p>Czech Republic: Prague, University of New York in Prague<\/p>\n\n\n\n<p>Slovakia: Bratislava - Bratislava University of Economics and Business<\/p>\n\n\n\n<p><\/p>","protected":false},"excerpt":{"rendered":"<p>oktat\u00e1s \u00e9s kutat\u00e1s 20 orsz\u00e1g, 25 egyetem\u00e9n Hollandia: Groningen &#8211; Handelhochgeshool, Nijmegen &#8211; Radboud University, USA: Warrensburg &#8211; Central Missouri State University, Anglia: Cranfield &#8211; Cranfield School of Management, &nbsp; Norv\u00e9gia: Bergen -Norwegian School of Business, Kanada: Waterloo &#8211; Wilfrid Laurier University, &nbsp; Sk\u00f3cia: Edinburgh-Heriott Watt University, Ausztria: Linz &#8211; Johannes Kepler Universit\u00e4t, B\u00e9cs \u2013 <a class=\"read-more\" href=\"https:\/\/malotaakademia.com\/en\/nemzetkozi-tapasztalatok\/\">READ MORE<\/a><\/p>","protected":false},"author":1,"featured_media":0,"parent":0,"menu_order":0,"comment_status":"closed","ping_status":"closed","template":"","meta":{"footnotes":""},"class_list":["post-312","page","type-page","status-publish","hentry"],"yoast_head":"<!-- This site is optimized with the Yoast SEO plugin v25.1 - https:\/\/yoast.com\/wordpress\/plugins\/seo\/ -->\n<title>Nemzetk\u00f6zi tapasztalatok - Malota Akad\u00e9mia<\/title>\n<meta name=\"robots\" content=\"index, follow, max-snippet:-1, max-image-preview:large, max-video-preview:-1\" \/>\n<link rel=\"canonical\" href=\"https:\/\/malotaakademia.com\/en\/nemzetkozi-tapasztalatok\/\" \/>\n<meta property=\"og:locale\" content=\"en_US\" \/>\n<meta property=\"og:type\" content=\"article\" \/>\n<meta property=\"og:title\" content=\"Nemzetk\u00f6zi tapasztalatok - Malota Akad\u00e9mia\" \/>\n<meta property=\"og:description\" content=\"oktat\u00e1s \u00e9s kutat\u00e1s 20 orsz\u00e1g, 25 egyetem\u00e9n Hollandia: Groningen &#8211; Handelhochgeshool, Nijmegen &#8211; Radboud University, USA: Warrensburg &#8211; Central Missouri State University, Anglia: Cranfield &#8211; Cranfield School of Management, &nbsp; Norv\u00e9gia: Bergen -Norwegian School of Business, Kanada: Waterloo &#8211; Wilfrid Laurier University, &nbsp; Sk\u00f3cia: Edinburgh-Heriott Watt University, Ausztria: Linz &#8211; Johannes Kepler Universit\u00e4t, B\u00e9cs \u2013 READ MORE\" \/>\n<meta property=\"og:url\" content=\"https:\/\/malotaakademia.com\/en\/nemzetkozi-tapasztalatok\/\" \/>\n<meta property=\"og:site_name\" content=\"Malota Akad\u00e9mia\" \/>\n<meta property=\"article:modified_time\" content=\"2026-01-25T08:41:23+00:00\" \/>\n<meta name=\"twitter:card\" content=\"summary_large_image\" \/>\n<meta name=\"twitter:label1\" content=\"Est. reading time\" \/>\n\t<meta name=\"twitter:data1\" content=\"1 minute\" \/>\n<script type=\"application\/ld+json\" class=\"yoast-schema-graph\">{\"@context\":\"https:\/\/schema.org\",\"@graph\":[{\"@type\":\"WebPage\",\"@id\":\"https:\/\/malotaakademia.com\/nemzetkozi-tapasztalatok\/\",\"url\":\"https:\/\/malotaakademia.com\/nemzetkozi-tapasztalatok\/\",\"name\":\"Nemzetk\u00f6zi tapasztalatok - Malota Akad\u00e9mia\",\"isPartOf\":{\"@id\":\"https:\/\/malotaakademia.com\/#website\"},\"datePublished\":\"2025-04-26T20:50:28+00:00\",\"dateModified\":\"2026-01-25T08:41:23+00:00\",\"breadcrumb\":{\"@id\":\"https:\/\/malotaakademia.com\/nemzetkozi-tapasztalatok\/#breadcrumb\"},\"inLanguage\":\"en-US\",\"potentialAction\":[{\"@type\":\"ReadAction\",\"target\":[\"https:\/\/malotaakademia.com\/nemzetkozi-tapasztalatok\/\"]}]},{\"@type\":\"BreadcrumbList\",\"@id\":\"https:\/\/malotaakademia.com\/nemzetkozi-tapasztalatok\/#breadcrumb\",\"itemListElement\":[{\"@type\":\"ListItem\",\"position\":1,\"name\":\"Kezd\u0151lap\",\"item\":\"https:\/\/malotaakademia.com\/\"},{\"@type\":\"ListItem\",\"position\":2,\"name\":\"Nemzetk\u00f6zi tapasztalatok\"}]},{\"@type\":\"WebSite\",\"@id\":\"https:\/\/malotaakademia.com\/#website\",\"url\":\"https:\/\/malotaakademia.com\/\",\"name\":\"Malota Akad\u00e9mia\",\"description\":\"Kommunik\u00e1ci\u00f3s \u00e9s interkultur\u00e1lis kompetencia fejleszt\u0151 tr\u00e9ningek\",\"publisher\":{\"@id\":\"https:\/\/malotaakademia.com\/#organization\"},\"potentialAction\":[{\"@type\":\"SearchAction\",\"target\":{\"@type\":\"EntryPoint\",\"urlTemplate\":\"https:\/\/malotaakademia.com\/?s={search_term_string}\"},\"query-input\":{\"@type\":\"PropertyValueSpecification\",\"valueRequired\":true,\"valueName\":\"search_term_string\"}}],\"inLanguage\":\"en-US\"},{\"@type\":\"Organization\",\"@id\":\"https:\/\/malotaakademia.com\/#organization\",\"name\":\"Malota Akad\u00e9mia\",\"url\":\"https:\/\/malotaakademia.com\/\",\"logo\":{\"@type\":\"ImageObject\",\"inLanguage\":\"en-US\",\"@id\":\"https:\/\/malotaakademia.com\/#\/schema\/logo\/image\/\",\"url\":\"https:\/\/malotaakademia.com\/wp-content\/uploads\/2025\/04\/Kep1final.png\",\"contentUrl\":\"https:\/\/malotaakademia.com\/wp-content\/uploads\/2025\/04\/Kep1final.png\",\"width\":683,\"height\":644,\"caption\":\"Malota Akad\u00e9mia\"},\"image\":{\"@id\":\"https:\/\/malotaakademia.com\/#\/schema\/logo\/image\/\"}}]}<\/script>\n<!-- \/ Yoast SEO plugin. -->","yoast_head_json":{"title":"Nemzetk\u00f6zi tapasztalatok - Malota Akad\u00e9mia","robots":{"index":"index","follow":"follow","max-snippet":"max-snippet:-1","max-image-preview":"max-image-preview:large","max-video-preview":"max-video-preview:-1"},"canonical":"https:\/\/malotaakademia.com\/en\/nemzetkozi-tapasztalatok\/","og_locale":"en_US","og_type":"article","og_title":"Nemzetk\u00f6zi tapasztalatok - Malota Akad\u00e9mia","og_description":"oktat\u00e1s \u00e9s kutat\u00e1s 20 orsz\u00e1g, 25 egyetem\u00e9n Hollandia: Groningen &#8211; Handelhochgeshool, Nijmegen &#8211; Radboud University, USA: Warrensburg &#8211; Central Missouri State University, Anglia: Cranfield &#8211; Cranfield School of Management, &nbsp; Norv\u00e9gia: Bergen -Norwegian School of Business, Kanada: Waterloo &#8211; Wilfrid Laurier University, &nbsp; Sk\u00f3cia: Edinburgh-Heriott Watt University, Ausztria: Linz &#8211; Johannes Kepler Universit\u00e4t, B\u00e9cs \u2013 READ MORE","og_url":"https:\/\/malotaakademia.com\/en\/nemzetkozi-tapasztalatok\/","og_site_name":"Malota Akad\u00e9mia","article_modified_time":"2026-01-25T08:41:23+00:00","twitter_card":"summary_large_image","twitter_misc":{"Est. reading time":"1 minute"},"schema":{"@context":"https:\/\/schema.org","@graph":[{"@type":"WebPage","@id":"https:\/\/malotaakademia.com\/nemzetkozi-tapasztalatok\/","url":"https:\/\/malotaakademia.com\/nemzetkozi-tapasztalatok\/","name":"Nemzetk\u00f6zi tapasztalatok - Malota Akad\u00e9mia","isPartOf":{"@id":"https:\/\/malotaakademia.com\/#website"},"datePublished":"2025-04-26T20:50:28+00:00","dateModified":"2026-01-25T08:41:23+00:00","breadcrumb":{"@id":"https:\/\/malotaakademia.com\/nemzetkozi-tapasztalatok\/#breadcrumb"},"inLanguage":"en-US","potentialAction":[{"@type":"ReadAction","target":["https:\/\/malotaakademia.com\/nemzetkozi-tapasztalatok\/"]}]},{"@type":"BreadcrumbList","@id":"https:\/\/malotaakademia.com\/nemzetkozi-tapasztalatok\/#breadcrumb","itemListElement":[{"@type":"ListItem","position":1,"name":"Kezd\u0151lap","item":"https:\/\/malotaakademia.com\/"},{"@type":"ListItem","position":2,"name":"Nemzetk\u00f6zi tapasztalatok"}]},{"@type":"WebSite","@id":"https:\/\/malotaakademia.com\/#website","url":"https:\/\/malotaakademia.com\/","name":"Malota Akad\u00e9mia","description":"Kommunik\u00e1ci\u00f3s \u00e9s interkultur\u00e1lis kompetencia fejleszt\u0151 tr\u00e9ningek","publisher":{"@id":"https:\/\/malotaakademia.com\/#organization"},"potentialAction":[{"@type":"SearchAction","target":{"@type":"EntryPoint","urlTemplate":"https:\/\/malotaakademia.com\/?s={search_term_string}"},"query-input":{"@type":"PropertyValueSpecification","valueRequired":true,"valueName":"search_term_string"}}],"inLanguage":"en-US"},{"@type":"Organization","@id":"https:\/\/malotaakademia.com\/#organization","name":"Malota Akad\u00e9mia","url":"https:\/\/malotaakademia.com\/","logo":{"@type":"ImageObject","inLanguage":"en-US","@id":"https:\/\/malotaakademia.com\/#\/schema\/logo\/image\/","url":"https:\/\/malotaakademia.com\/wp-content\/uploads\/2025\/04\/Kep1final.png","contentUrl":"https:\/\/malotaakademia.com\/wp-content\/uploads\/2025\/04\/Kep1final.png","width":683,"height":644,"caption":"Malota Akad\u00e9mia"},"image":{"@id":"https:\/\/malotaakademia.com\/#\/schema\/logo\/image\/"}}]}},"jetpack_sharing_enabled":true,"_links":{"self":[{"href":"https:\/\/malotaakademia.com\/en\/wp-json\/wp\/v2\/pages\/312","targetHints":{"allow":["GET"]}}],"collection":[{"href":"https:\/\/malotaakademia.com\/en\/wp-json\/wp\/v2\/pages"}],"about":[{"href":"https:\/\/malotaakademia.com\/en\/wp-json\/wp\/v2\/types\/page"}],"author":[{"embeddable":true,"href":"https:\/\/malotaakademia.com\/en\/wp-json\/wp\/v2\/users\/1"}],"replies":[{"embeddable":true,"href":"https:\/\/malotaakademia.com\/en\/wp-json\/wp\/v2\/comments?post=312"}],"version-history":[{"count":5,"href":"https:\/\/malotaakademia.com\/en\/wp-json\/wp\/v2\/pages\/312\/revisions"}],"predecessor-version":[{"id":1523,"href":"https:\/\/malotaakademia.com\/en\/wp-json\/wp\/v2\/pages\/312\/revisions\/1523"}],"wp:attachment":[{"href":"https:\/\/malotaakademia.com\/en\/wp-json\/wp\/v2\/media?parent=312"}],"curies":[{"name":"wp","href":"https:\/\/api.w.org\/{rel}","templated":true}]}}